{"id":112,"date":"2018-08-09T07:21:51","date_gmt":"2018-08-09T07:21:51","guid":{"rendered":"https:\/\/adv-laetitia.de\/?page_id=112"},"modified":"2026-04-16T17:08:45","modified_gmt":"2026-04-16T17:08:45","slug":"semesterprogramm","status":"publish","type":"page","link":"https:\/\/adv-laetitia.de\/?page_id=112","title":{"rendered":"Semesterprogramm"},"content":{"rendered":"\n<p>Das Sommersemester 2026 beginnt und unser Vorstand hat ein abwechslungsreiches Semesterprogramm auf die Beine gestellt.<\/p>\n\n\n<p style=\"text-align: left;\">Aktuelle Informationen k\u00f6nnen unserer Webseite entnommen werden oder bei der Aktivitas erfragt werden.\u00a0<\/p>\n<h2 id=\"tablepress-35-name\" class=\"tablepress-table-name tablepress-table-name-id-35\">April<\/h2>\n<span id=\"tablepress-35-description\" class=\"tablepress-table-description tablepress-table-description-id-35\"><\/span>\n\n<table id=\"tablepress-35\" class=\"tablepress tablepress-id-35\" aria-labelledby=\"tablepress-35-name\" aria-describedby=\"tablepress-35-description\">\n<tbody class=\"row-striping row-hover\">\n<tr class=\"row-1\">\n\t<td class=\"column-1\">Montag<\/td><td class=\"column-2\">13.04.<\/td><td class=\"column-3\"><strong> AV \/ AC \/ DaC \u2640 <\/strong> <br \/>\nmit feierlichem Hissen der Fahne<br \/>\nAktivenessen um 19.00 h ct<\/td><td class=\"column-4\">20.00 h st<\/td>\n<\/tr>\n<tr class=\"row-2\">\n\t<td class=\"column-1\">Samstag<\/td><td class=\"column-2\">18.04.<\/td><td class=\"column-3\"><strong> Laetitia Rockt! \u2640 <\/strong> <br \/>\n<\/td><td class=\"column-4\">17.30 h ct<\/td>\n<\/tr>\n<tr class=\"row-3\">\n\t<td class=\"column-1\">Montag<\/td><td class=\"column-2\">27.04.<\/td><td class=\"column-3\"><strong> Fuxenstunde \u2640 <\/strong><\/td><td class=\"column-4\">20.00 h st<\/td>\n<\/tr>\n<\/tbody>\n<\/table>\n<!-- #tablepress-35 from cache -->\n<h2 id=\"tablepress-19-name\" class=\"tablepress-table-name tablepress-table-name-id-19\">Mai<\/h2>\n\n<table id=\"tablepress-19\" class=\"tablepress tablepress-id-19\" aria-labelledby=\"tablepress-19-name\">\n<tbody class=\"row-striping row-hover\">\n<tr class=\"row-1\">\n\t<td class=\"column-1\">Donnerstag<\/td><td class=\"column-2\">01.05.<\/td><td class=\"column-3\"><strong> Maiwanderung <\/strong> <br \/>\nmit e.s.v. K.St.V. Alania-Breslau<\/td><td class=\"column-4\">10.00 h st<br \/>\n<\/td>\n<\/tr>\n<tr class=\"row-2\">\n\t<td class=\"column-1\">Dienstag<\/td><td class=\"column-2\">05.05.<\/td><td class=\"column-3\"><strong> HBV-Vorbesprechung <\/strong><\/td><td class=\"column-4\">20.00 h st<br \/>\n<\/td>\n<\/tr>\n<tr class=\"row-3\">\n\t<td class=\"column-1\">Mittwoch<\/td><td class=\"column-2\">06.05.<\/td><td class=\"column-3\"><strong> CC \u2640 <\/strong><\/td><td class=\"column-4\">20.00 h st<br \/>\n<\/td>\n<\/tr>\n<tr class=\"row-4\">\n\t<td class=\"column-1\">Mittwoch<\/td><td class=\"column-2\">13.05.<\/td><td class=\"column-3\"><strong> Fuxenflucht <\/strong><br \/>\nmit e.s.v. K.St.V. Alania-Breslau<\/td><td class=\"column-4\">20.00 h st<br \/>\n<\/td>\n<\/tr>\n<tr class=\"row-5\">\n\t<td class=\"column-1\">Freitag<br \/>\n-<br \/>\nSonntag<\/td><td class=\"column-2\">15.05.<br \/>\n-<br \/>\n17.05.<\/td><td class=\"column-3\"><strong> HBV-Wochenende <\/strong><\/td><td class=\"column-4\"><\/td>\n<\/tr>\n<tr class=\"row-6\">\n\t<td class=\"column-1\">Montag<\/td><td class=\"column-2\">18.05.<\/td><td class=\"column-3\"><strong> AC \/ DaC \u2640 <\/strong> <\/td><td class=\"column-4\">20.00 h st<\/td>\n<\/tr>\n<\/tbody>\n<\/table>\n<!-- #tablepress-19 from cache -->\n<h2 id=\"tablepress-18-name\" class=\"tablepress-table-name tablepress-table-name-id-18\">Juni<\/h2>\n\n<table id=\"tablepress-18\" class=\"tablepress tablepress-id-18\" aria-labelledby=\"tablepress-18-name\">\n<tbody class=\"row-striping row-hover\">\n<tr class=\"row-1\">\n\t<td class=\"column-1\">Montag<\/td><td class=\"column-2\">01.06.<\/td><td class=\"column-3\"><strong> Fuxenstunde \u2640 <\/strong><br \/>\nmit e.s.v. K.St.V. Alania-Breslau<\/td><td class=\"column-4\">20.00 h st<\/td>\n<\/tr>\n<tr class=\"row-2\">\n\t<td class=\"column-1\">Mittwoch<\/td><td class=\"column-2\">03.06.<\/td><td class=\"column-3\"><strong> Kreativabend \u2640 <\/strong><\/td><td class=\"column-4\">20.00 h ct<\/td>\n<\/tr>\n<tr class=\"row-3\">\n\t<td class=\"column-1\">Freitag<\/td><td class=\"column-2\">12.06.<\/td><td class=\"column-3\"><strong> Aktivenabend \u2640 <\/strong><\/td><td class=\"column-4\">20.00 h st<br \/>\n<\/td>\n<\/tr>\n<tr class=\"row-4\">\n\t<td class=\"column-1\">Samstag <br \/>\n-<br \/>\nSonntag<\/td><td class=\"column-2\">13.06.<br \/>\n-<br \/>\n14.06<\/td><td class=\"column-3\"><strong> 26. Stiftungsfest \u2709 <\/strong><\/td><td class=\"column-4\"><\/td>\n<\/tr>\n<tr class=\"row-5\">\n\t<td class=\"column-1\">Montag<\/td><td class=\"column-2\">15.06.<\/td><td class=\"column-3\"><strong> Restestammtisch <\/strong><\/td><td class=\"column-4\">20.00 h st<br \/>\n<\/td>\n<\/tr>\n<tr class=\"row-6\">\n\t<td class=\"column-1\">Freitag<br \/>\n-<br \/>\n<br \/>\nSonntag<\/td><td class=\"column-2\">19.06.<br \/>\n-<br \/>\n<br \/>\n21.06.<\/td><td class=\"column-3\"><strong> Laetitia Ringkneipe \u2709 <\/strong><br \/>\nmit e.v. AV Laetitia T\u00fcbingen<br \/>\nbei e.v. K.St.V. Laetitia Karlsruhe<\/td><td class=\"column-4\"><\/td>\n<\/tr>\n<tr class=\"row-7\">\n\t<td class=\"column-1\">Montag<\/td><td class=\"column-2\">22.06.<\/td><td class=\"column-3\"><strong> AV \/ AC \/ DaC <\/strong><br \/>\nAktivenessen um 19.00 h ct<\/td><td class=\"column-4\">20.00 h st<\/td>\n<\/tr>\n<tr class=\"row-8\">\n\t<td class=\"column-1\">Freitag<\/td><td class=\"column-2\">26.06.<\/td><td class=\"column-3\"><strong> Fuxenessen \u2640 <\/strong><br \/>\nbei unseren lb. HDHD Kim und Inga<\/td><td class=\"column-4\">19.00 h ct<\/td>\n<\/tr>\n<\/tbody>\n<\/table>\n<!-- #tablepress-18 from cache -->\n<h2 id=\"tablepress-5-name\" class=\"tablepress-table-name tablepress-table-name-id-5\">26. Stiftungsfest - Festfolge \u2709<\/h2>\n\n<table id=\"tablepress-5\" class=\"tablepress tablepress-id-5\" aria-labelledby=\"tablepress-5-name\">\n<tbody class=\"row-striping row-hover\">\n<tr class=\"row-1\">\n\t<td class=\"column-1\">Samstag<\/td><td class=\"column-2\">13.06<\/td><td class=\"column-3\"><strong>Festkommers<\/strong> <\/td><td class=\"column-4\">20.00 h st<\/td>\n<\/tr>\n<tr class=\"row-2\">\n\t<td class=\"column-1\">Sonntag<\/td><td class=\"column-2\">14.06<\/td><td class=\"column-3\"><strong> Brunch <\/strong> <\/td><td class=\"column-4\">11.00 h ct<br \/>\n<\/td>\n<\/tr>\n<\/tbody>\n<\/table>\n<!-- #tablepress-5 from cache -->\n<h2 id=\"tablepress-20-name\" class=\"tablepress-table-name tablepress-table-name-id-20\">Juli<\/h2>\n\n<table id=\"tablepress-20\" class=\"tablepress tablepress-id-20\" aria-labelledby=\"tablepress-20-name\">\n<tbody class=\"row-striping row-hover\">\n<tr class=\"row-1\">\n\t<td class=\"column-1\">Montag<\/td><td class=\"column-2\">06.07.<\/td><td class=\"column-3\"><strong> Fuxenstunde \u2640 <br \/>\n<\/strong><\/td><td class=\"column-4\">20.00 h st<\/td>\n<\/tr>\n<tr class=\"row-2\">\n\t<td class=\"column-1\">Montag<\/td><td class=\"column-2\">13.07.<\/td><td class=\"column-3\"><strong> AC \/ DC \u2640 <\/strong> <br \/>\nmit feierlichem Einholen der Fahne um 19.00 h ct<\/td><td class=\"column-4\">20.00 h st<\/td>\n<\/tr>\n<tr class=\"row-3\">\n\t<td class=\"column-1\">Sonntag<\/td><td class=\"column-2\">19.07.<\/td><td class=\"column-3\"><strong> Laetizentag \u2640 <br \/>\n<\/strong><\/td><td class=\"column-4\">Zeit folgt<\/td>\n<\/tr>\n<tr class=\"row-4\">\n\t<td class=\"column-1\"><\/td><td class=\"column-2\">Datum folgt<\/td><td class=\"column-3\"><strong> Weintasting \u2640 <br \/>\n<\/strong><\/td><td class=\"column-4\">Zeit folgt<\/td>\n<\/tr>\n<\/tbody>\n<\/table>\n<!-- #tablepress-20 from cache -->\n<p>Veranstaltungen mit \u2640\u00a0sind intern, Veranstaltungen mit @ sind online und bei Veranstaltungen mit\u00a0\u2709\u00a0wird um Anmeldung gebeten.<\/p>\n<p>Wir m\u00f6chten darauf hinweisen, dass auf unseren Veranstaltungen Fotos gemacht werden, welche auf unserer Homepage ver\u00f6ffentlicht werden k\u00f6nnen.<\/p>\n<h2 id=\"tablepress-22-name\" class=\"tablepress-table-name tablepress-table-name-id-22\">Kommende Festtermine<\/h2>\n<span id=\"tablepress-22-description\" class=\"tablepress-table-description tablepress-table-description-id-22\"><\/span>\n\n<table id=\"tablepress-22\" class=\"tablepress tablepress-id-22\" aria-labelledby=\"tablepress-22-name\" aria-describedby=\"tablepress-22-description\">\n<tbody class=\"row-striping row-hover\">\n<tr class=\"row-1\">\n\t<td class=\"column-1\">Freitag<br \/>\n-<br \/>\nSonntag<\/td><td class=\"column-2\">12.06.2026<br \/>\n-<br \/>\n14.06.2026<\/td><td class=\"column-3\"><strong> 26.Stiftungsfest - Festfolge \u2709 <\/strong><\/td><td class=\"column-4\">20.00 h ct<\/td><td class=\"column-5\"><\/td>\n<\/tr>\n<tr class=\"row-2\">\n\t<td class=\"column-1\"><\/td><td class=\"column-2\"><\/td><td class=\"column-3\"><\/td><td class=\"column-4\"><\/td><td class=\"column-5\"><\/td>\n<\/tr>\n<tr class=\"row-3\">\n\t<td class=\"column-1\"><\/td><td class=\"column-2\"><\/td><td class=\"column-3\"><\/td><td class=\"column-4\"><\/td><td class=\"column-5\"><\/td>\n<\/tr>\n<\/tbody>\n<\/table>\n<!-- #tablepress-22 from cache -->\n\n\n<p><iframe loading=\"lazy\" style=\"border: 0;\" src=\"https:\/\/calendar.google.com\/calendar\/embed?src=f4cfe5fae578557403bbfee9dd9ba9030ee3467f84f5e5a9a6a91b4f225d00bd%40group.calendar.google.com&amp;ctz=Europe%2FBerlin\" width=\"690\" height=\"600\" frameborder=\"0\" scrolling=\"no\"><\/iframe><\/p>\n","protected":false},"excerpt":{"rendered":"<p>Das Sommersemester 2026 beginnt und unser Vorstand hat ein abwechslungsreiches Semesterprogramm auf die Beine gestellt. Aktuelle Informationen k\u00f6nnen unserer Webseite entnommen werden oder bei der Aktivitas erfragt werden.\u00a0 Veranstaltungen mit \u2640\u00a0sind intern, Veranstaltungen mit @ sind online und bei Veranstaltungen mit\u00a0\u2709\u00a0wird um Anmeldung gebeten. Wir m\u00f6chten darauf hinweisen, dass auf unseren Veranstaltungen Fotos gemacht werden, welche auf unserer Homepage ver\u00f6ffentlicht werden k\u00f6nnen.<\/p>\n","protected":false},"author":2,"featured_media":0,"parent":0,"menu_order":0,"comment_status":"closed","ping_status":"closed","template":"","meta":{"footnotes":""},"class_list":["post-112","page","type-page","status-publish","hentry"],"yoast_head":"<!-- This site is optimized with the Yoast SEO plugin v27.5 - https:\/\/yoast.com\/product\/yoast-seo-wordpress\/ -->\n<title>Semesterprogramm - ADV Laetitia<\/title>\n<meta name=\"description\" content=\"F\u00fcr das Sommersemester 2021 hat der Vorstand wieder ein Semesterprogramm auf die Beine gestellt, zu dem alle Interessierten herzlich eingeladen sind!\" \/>\n<meta name=\"robots\" content=\"index, follow, max-snippet:-1, max-image-preview:large, max-video-preview:-1\" \/>\n<link rel=\"canonical\" href=\"https:\/\/adv-laetitia.de\/?page_id=112\" \/>\n<meta property=\"og:locale\" content=\"de_DE\" \/>\n<meta property=\"og:type\" content=\"article\" \/>\n<meta property=\"og:title\" content=\"Semesterprogramm - ADV Laetitia\" \/>\n<meta property=\"og:description\" content=\"F\u00fcr das Sommersemester 2021 hat der Vorstand wieder ein Semesterprogramm auf die Beine gestellt, zu dem alle Interessierten herzlich eingeladen sind!\" \/>\n<meta property=\"og:url\" content=\"https:\/\/adv-laetitia.de\/?page_id=112\" \/>\n<meta property=\"og:site_name\" content=\"ADV Laetitia\" \/>\n<meta property=\"article:modified_time\" content=\"2026-04-16T17:08:45+00:00\" \/>\n<meta name=\"twitter:card\" content=\"summary_large_image\" \/>\n<meta name=\"twitter:label1\" content=\"Gesch\u00e4tzte Lesezeit\" \/>\n\t<meta name=\"twitter:data1\" content=\"1\u00a0Minute\" \/>\n<script type=\"application\/ld+json\" class=\"yoast-schema-graph\">{\"@context\":\"https:\\\/\\\/schema.org\",\"@graph\":[{\"@type\":\"WebPage\",\"@id\":\"https:\\\/\\\/adv-laetitia.de\\\/?page_id=112\",\"url\":\"https:\\\/\\\/adv-laetitia.de\\\/?page_id=112\",\"name\":\"Semesterprogramm - ADV Laetitia\",\"isPartOf\":{\"@id\":\"https:\\\/\\\/adv-laetitia.de\\\/#website\"},\"datePublished\":\"2018-08-09T07:21:51+00:00\",\"dateModified\":\"2026-04-16T17:08:45+00:00\",\"description\":\"F\u00fcr das Sommersemester 2021 hat der Vorstand wieder ein Semesterprogramm auf die Beine gestellt, zu dem alle Interessierten herzlich eingeladen sind!\",\"breadcrumb\":{\"@id\":\"https:\\\/\\\/adv-laetitia.de\\\/?page_id=112#breadcrumb\"},\"inLanguage\":\"de\",\"potentialAction\":[{\"@type\":\"ReadAction\",\"target\":[\"https:\\\/\\\/adv-laetitia.de\\\/?page_id=112\"]}]},{\"@type\":\"BreadcrumbList\",\"@id\":\"https:\\\/\\\/adv-laetitia.de\\\/?page_id=112#breadcrumb\",\"itemListElement\":[{\"@type\":\"ListItem\",\"position\":1,\"name\":\"Startseite\",\"item\":\"https:\\\/\\\/adv-laetitia.de\\\/\"},{\"@type\":\"ListItem\",\"position\":2,\"name\":\"Semesterprogramm\"}]},{\"@type\":\"WebSite\",\"@id\":\"https:\\\/\\\/adv-laetitia.de\\\/#website\",\"url\":\"https:\\\/\\\/adv-laetitia.de\\\/\",\"name\":\"A.D.V. Laetitia\",\"description\":\"Akademische Damenverbindung Laetitia zu Aachen\",\"publisher\":{\"@id\":\"https:\\\/\\\/adv-laetitia.de\\\/#organization\"},\"potentialAction\":[{\"@type\":\"SearchAction\",\"target\":{\"@type\":\"EntryPoint\",\"urlTemplate\":\"https:\\\/\\\/adv-laetitia.de\\\/?s={search_term_string}\"},\"query-input\":{\"@type\":\"PropertyValueSpecification\",\"valueRequired\":true,\"valueName\":\"search_term_string\"}}],\"inLanguage\":\"de\"},{\"@type\":\"Organization\",\"@id\":\"https:\\\/\\\/adv-laetitia.de\\\/#organization\",\"name\":\"A.D.V - Laetitia\",\"url\":\"https:\\\/\\\/adv-laetitia.de\\\/\",\"logo\":{\"@type\":\"ImageObject\",\"inLanguage\":\"de\",\"@id\":\"https:\\\/\\\/adv-laetitia.de\\\/#\\\/schema\\\/logo\\\/image\\\/\",\"url\":\"https:\\\/\\\/adv-laetitia.de\\\/wp-content\\\/uploads\\\/Wappen_ADV_Laetitia.jpg\",\"contentUrl\":\"https:\\\/\\\/adv-laetitia.de\\\/wp-content\\\/uploads\\\/Wappen_ADV_Laetitia.jpg\",\"width\":512,\"height\":512,\"caption\":\"A.D.V - Laetitia\"},\"image\":{\"@id\":\"https:\\\/\\\/adv-laetitia.de\\\/#\\\/schema\\\/logo\\\/image\\\/\"},\"sameAs\":[\"https:\\\/\\\/www.instagram.com\\\/advlaetitia\\\/\"]}]}<\/script>\n<!-- \/ Yoast SEO plugin. -->","yoast_head_json":{"title":"Semesterprogramm - ADV Laetitia","description":"F\u00fcr das Sommersemester 2021 hat der Vorstand wieder ein Semesterprogramm auf die Beine gestellt, zu dem alle Interessierten herzlich eingeladen sind!","robots":{"index":"index","follow":"follow","max-snippet":"max-snippet:-1","max-image-preview":"max-image-preview:large","max-video-preview":"max-video-preview:-1"},"canonical":"https:\/\/adv-laetitia.de\/?page_id=112","og_locale":"de_DE","og_type":"article","og_title":"Semesterprogramm - ADV Laetitia","og_description":"F\u00fcr das Sommersemester 2021 hat der Vorstand wieder ein Semesterprogramm auf die Beine gestellt, zu dem alle Interessierten herzlich eingeladen sind!","og_url":"https:\/\/adv-laetitia.de\/?page_id=112","og_site_name":"ADV Laetitia","article_modified_time":"2026-04-16T17:08:45+00:00","twitter_card":"summary_large_image","twitter_misc":{"Gesch\u00e4tzte Lesezeit":"1\u00a0Minute"},"schema":{"@context":"https:\/\/schema.org","@graph":[{"@type":"WebPage","@id":"https:\/\/adv-laetitia.de\/?page_id=112","url":"https:\/\/adv-laetitia.de\/?page_id=112","name":"Semesterprogramm - ADV Laetitia","isPartOf":{"@id":"https:\/\/adv-laetitia.de\/#website"},"datePublished":"2018-08-09T07:21:51+00:00","dateModified":"2026-04-16T17:08:45+00:00","description":"F\u00fcr das Sommersemester 2021 hat der Vorstand wieder ein Semesterprogramm auf die Beine gestellt, zu dem alle Interessierten herzlich eingeladen sind!","breadcrumb":{"@id":"https:\/\/adv-laetitia.de\/?page_id=112#breadcrumb"},"inLanguage":"de","potentialAction":[{"@type":"ReadAction","target":["https:\/\/adv-laetitia.de\/?page_id=112"]}]},{"@type":"BreadcrumbList","@id":"https:\/\/adv-laetitia.de\/?page_id=112#breadcrumb","itemListElement":[{"@type":"ListItem","position":1,"name":"Startseite","item":"https:\/\/adv-laetitia.de\/"},{"@type":"ListItem","position":2,"name":"Semesterprogramm"}]},{"@type":"WebSite","@id":"https:\/\/adv-laetitia.de\/#website","url":"https:\/\/adv-laetitia.de\/","name":"A.D.V. Laetitia","description":"Akademische Damenverbindung Laetitia zu Aachen","publisher":{"@id":"https:\/\/adv-laetitia.de\/#organization"},"potentialAction":[{"@type":"SearchAction","target":{"@type":"EntryPoint","urlTemplate":"https:\/\/adv-laetitia.de\/?s={search_term_string}"},"query-input":{"@type":"PropertyValueSpecification","valueRequired":true,"valueName":"search_term_string"}}],"inLanguage":"de"},{"@type":"Organization","@id":"https:\/\/adv-laetitia.de\/#organization","name":"A.D.V - Laetitia","url":"https:\/\/adv-laetitia.de\/","logo":{"@type":"ImageObject","inLanguage":"de","@id":"https:\/\/adv-laetitia.de\/#\/schema\/logo\/image\/","url":"https:\/\/adv-laetitia.de\/wp-content\/uploads\/Wappen_ADV_Laetitia.jpg","contentUrl":"https:\/\/adv-laetitia.de\/wp-content\/uploads\/Wappen_ADV_Laetitia.jpg","width":512,"height":512,"caption":"A.D.V - Laetitia"},"image":{"@id":"https:\/\/adv-laetitia.de\/#\/schema\/logo\/image\/"},"sameAs":["https:\/\/www.instagram.com\/advlaetitia\/"]}]}},"_links":{"self":[{"href":"https:\/\/adv-laetitia.de\/index.php?rest_route=\/wp\/v2\/pages\/112","targetHints":{"allow":["GET"]}}],"collection":[{"href":"https:\/\/adv-laetitia.de\/index.php?rest_route=\/wp\/v2\/pages"}],"about":[{"href":"https:\/\/adv-laetitia.de\/index.php?rest_route=\/wp\/v2\/types\/page"}],"author":[{"embeddable":true,"href":"https:\/\/adv-laetitia.de\/index.php?rest_route=\/wp\/v2\/users\/2"}],"replies":[{"embeddable":true,"href":"https:\/\/adv-laetitia.de\/index.php?rest_route=%2Fwp%2Fv2%2Fcomments&post=112"}],"version-history":[{"count":103,"href":"https:\/\/adv-laetitia.de\/index.php?rest_route=\/wp\/v2\/pages\/112\/revisions"}],"predecessor-version":[{"id":2524,"href":"https:\/\/adv-laetitia.de\/index.php?rest_route=\/wp\/v2\/pages\/112\/revisions\/2524"}],"wp:attachment":[{"href":"https:\/\/adv-laetitia.de\/index.php?rest_route=%2Fwp%2Fv2%2Fmedia&parent=112"}],"curies":[{"name":"wp","href":"https:\/\/api.w.org\/{rel}","templated":true}]}}