{"id":145,"date":"2018-08-09T14:24:44","date_gmt":"2018-08-09T14:24:44","guid":{"rendered":"https:\/\/adv-laetitia.de\/?page_id=145"},"modified":"2020-12-04T22:12:27","modified_gmt":"2020-12-04T22:12:27","slug":"hausbauverein-alania-e-v","status":"publish","type":"page","link":"https:\/\/adv-laetitia.de\/?page_id=145","title":{"rendered":"Hausbauverein Alania e.V."},"content":{"rendered":"<p>Der Hausbauverein Alania e.V. wird am 04.05.1954 gegr\u00fcndet.\u00a0 Am 18. Dezember 1959 wird dann endlich der Grundstein f\u00fcr das Wohnheim in der S\u00fcsterfeldstra\u00dfe gelegt. Der Rohbau ist am 10. Mai des folgenden Jahres beendet.<\/p>\n<p>Ab Oktober ziehen die ersten Bewohner auf unsere sch\u00f6ne Gipsburg ein. Im Laufe der n\u00e4chsten Jahrzehnte werden regelm\u00e4\u00dfig Renovierungen, gr\u00f6\u00dftenteils in Eigenregie, durchgef\u00fchrt. Nennenswert ist ein gro\u00dfer Umbau im Jahr 81\/82, bei dem der Saal von der ersten Etage in den Kellern verlegt wird und die erste Etage nun auch als Wohnetage mit zehn Zimmern zur Verf\u00fcgung steht.<\/p>\n\n\n<h3 class=\"wp-block-heading\">Hausbauwochenende<\/h3>\n\n\n\n<p> Einmal pro Semester gibt es das sogenannte Hausbauwochenende, bei dem alle Hausbewohner und Aktive der beiden Verbindungen das Haus wieder auf Vordermann bringen, damit wir noch lange was von unseren sch\u00f6nen Gipsburg haben.&nbsp;<\/p>\n\n\n\n<p>W\u00e4hrend dieser Wochenenden wird das Haus einmal von oben bis unten durch geputzt und verschiedene Bauarbeiten am Haus erledigt. Ob Malerarbeiten, Hauselektrik, Bau einer neuen Theke, Gartenarbeit oder Modernisierungen; alle T\u00e4tigkeiten die wir selber duchf\u00fchren&nbsp;k\u00f6nnen \u00fcbernehmen wir. So k\u00f6nnen wir die Gipsburg nach unseren W\u00fcnschen gestalten. Zudem st\u00e4rkt dies unsere Gemeinschaft und jeder kann seine St\u00e4rken einbringen und neues erlernen.<\/p>\n\n\n\n<p>Damit der Spa\u00df nicht zu kurz kommt, sorgt ein K\u00fcchenteam w\u00e4hrend des ganzen Wochenendes f\u00fcr die Verpflegung, damit alle Bewohner zum gemeinsamen Essen zusammen finden k\u00f6nnen. Meistens klingt der Arbeitstag dann mit einem gem\u00fctlichen Bier aus. Es ist also nicht nur f\u00fcr die Gipsburg sondern auch f\u00fcr uns ein Highlight im Semester.<\/p>\n","protected":false},"excerpt":{"rendered":"<p>Der Hausbauverein Alania e.V. wird am 04.05.1954 gegr\u00fcndet.\u00a0 Am 18. Dezember 1959 wird dann endlich der Grundstein f\u00fcr das Wohnheim in der S\u00fcsterfeldstra\u00dfe gelegt. Der Rohbau ist am 10. Mai des folgenden Jahres beendet. Ab Oktober ziehen die ersten Bewohner auf unsere sch\u00f6ne Gipsburg ein. Im Laufe der n\u00e4chsten Jahrzehnte werden regelm\u00e4\u00dfig Renovierungen, gr\u00f6\u00dftenteils in Eigenregie, durchgef\u00fchrt. Nennenswert ist ein gro\u00dfer Umbau im Jahr 81\/82, bei dem der Saal von der ersten Etage in den Kellern verlegt wird und die erste Etage nun auch als Wohnetage mit zehn Zimmern zur Verf\u00fcgung steht. Hausbauwochenende Einmal pro Semester gibt es das sogenannte Hausbauwochenende, bei dem alle Hausbewohner und Aktive der beiden Verbindungen das Haus wieder auf Vordermann bringen, damit wir noch lange was von unseren sch\u00f6nen Gipsburg haben.&nbsp; W\u00e4hrend dieser Wochenenden wird das Haus einmal von oben bis unten durch geputzt und verschiedene Bauarbeiten am Haus erledigt. Ob Malerarbeiten, Hauselektrik, Bau einer neuen Theke, Gartenarbeit oder Modernisierungen; alle T\u00e4tigkeiten die wir selber duchf\u00fchren&nbsp;k\u00f6nnen \u00fcbernehmen wir. So k\u00f6nnen wir die Gipsburg nach unseren W\u00fcnschen gestalten. Zudem st\u00e4rkt dies unsere Gemeinschaft und jeder kann seine St\u00e4rken einbringen und neues erlernen. Damit der Spa\u00df nicht zu kurz kommt, sorgt ein K\u00fcchenteam w\u00e4hrend des ganzen Wochenendes f\u00fcr die Verpflegung, damit alle Bewohner zum gemeinsamen Essen zusammen finden k\u00f6nnen. Meistens klingt der Arbeitstag dann mit einem gem\u00fctlichen Bier aus. Es ist also nicht nur f\u00fcr die Gipsburg sondern auch f\u00fcr uns ein Highlight im Semester.<\/p>\n","protected":false},"author":2,"featured_media":0,"parent":0,"menu_order":0,"comment_status":"closed","ping_status":"closed","template":"","meta":{"footnotes":""},"class_list":["post-145","page","type-page","status-publish","hentry"],"yoast_head":"<!-- This site is optimized with the Yoast SEO plugin v27.5 - https:\/\/yoast.com\/product\/yoast-seo-wordpress\/ -->\n<title>Hausbauverein Alania e.V. | Unsere Gipsburg - ADV Laetitia<\/title>\n<meta name=\"description\" content=\"Der Hausbauverein Alania e.V. wird am 04.05.1954 von sieben Mitgliedern der Aktivitas des K.St.V. Alania-Breslau zu Aachen gegr\u00fcndet...\" \/>\n<meta name=\"robots\" content=\"index, follow, max-snippet:-1, max-image-preview:large, max-video-preview:-1\" \/>\n<link rel=\"canonical\" href=\"https:\/\/adv-laetitia.de\/?page_id=145\" \/>\n<meta property=\"og:locale\" content=\"de_DE\" \/>\n<meta property=\"og:type\" content=\"article\" \/>\n<meta property=\"og:title\" content=\"Hausbauverein Alania e.V. | Unsere Gipsburg - ADV Laetitia\" \/>\n<meta property=\"og:description\" content=\"Der Hausbauverein Alania e.V. wird am 04.05.1954 von sieben Mitgliedern der Aktivitas des K.St.V. Alania-Breslau zu Aachen gegr\u00fcndet...\" \/>\n<meta property=\"og:url\" content=\"https:\/\/adv-laetitia.de\/?page_id=145\" \/>\n<meta property=\"og:site_name\" content=\"ADV Laetitia\" \/>\n<meta property=\"article:modified_time\" content=\"2020-12-04T22:12:27+00:00\" \/>\n<meta name=\"twitter:card\" content=\"summary_large_image\" \/>\n<meta name=\"twitter:label1\" content=\"Gesch\u00e4tzte Lesezeit\" \/>\n\t<meta name=\"twitter:data1\" content=\"1\u00a0Minute\" \/>\n<script type=\"application\/ld+json\" class=\"yoast-schema-graph\">{\"@context\":\"https:\\\/\\\/schema.org\",\"@graph\":[{\"@type\":\"WebPage\",\"@id\":\"https:\\\/\\\/adv-laetitia.de\\\/?page_id=145\",\"url\":\"https:\\\/\\\/adv-laetitia.de\\\/?page_id=145\",\"name\":\"Hausbauverein Alania e.V. | Unsere Gipsburg - ADV Laetitia\",\"isPartOf\":{\"@id\":\"https:\\\/\\\/adv-laetitia.de\\\/#website\"},\"datePublished\":\"2018-08-09T14:24:44+00:00\",\"dateModified\":\"2020-12-04T22:12:27+00:00\",\"description\":\"Der Hausbauverein Alania e.V. wird am 04.05.1954 von sieben Mitgliedern der Aktivitas des K.St.V. Alania-Breslau zu Aachen gegr\u00fcndet...\",\"breadcrumb\":{\"@id\":\"https:\\\/\\\/adv-laetitia.de\\\/?page_id=145#breadcrumb\"},\"inLanguage\":\"de\",\"potentialAction\":[{\"@type\":\"ReadAction\",\"target\":[\"https:\\\/\\\/adv-laetitia.de\\\/?page_id=145\"]}]},{\"@type\":\"BreadcrumbList\",\"@id\":\"https:\\\/\\\/adv-laetitia.de\\\/?page_id=145#breadcrumb\",\"itemListElement\":[{\"@type\":\"ListItem\",\"position\":1,\"name\":\"Startseite\",\"item\":\"https:\\\/\\\/adv-laetitia.de\\\/\"},{\"@type\":\"ListItem\",\"position\":2,\"name\":\"Hausbauverein Alania e.V.\"}]},{\"@type\":\"WebSite\",\"@id\":\"https:\\\/\\\/adv-laetitia.de\\\/#website\",\"url\":\"https:\\\/\\\/adv-laetitia.de\\\/\",\"name\":\"A.D.V. Laetitia\",\"description\":\"Akademische Damenverbindung Laetitia zu Aachen\",\"publisher\":{\"@id\":\"https:\\\/\\\/adv-laetitia.de\\\/#organization\"},\"potentialAction\":[{\"@type\":\"SearchAction\",\"target\":{\"@type\":\"EntryPoint\",\"urlTemplate\":\"https:\\\/\\\/adv-laetitia.de\\\/?s={search_term_string}\"},\"query-input\":{\"@type\":\"PropertyValueSpecification\",\"valueRequired\":true,\"valueName\":\"search_term_string\"}}],\"inLanguage\":\"de\"},{\"@type\":\"Organization\",\"@id\":\"https:\\\/\\\/adv-laetitia.de\\\/#organization\",\"name\":\"A.D.V - Laetitia\",\"url\":\"https:\\\/\\\/adv-laetitia.de\\\/\",\"logo\":{\"@type\":\"ImageObject\",\"inLanguage\":\"de\",\"@id\":\"https:\\\/\\\/adv-laetitia.de\\\/#\\\/schema\\\/logo\\\/image\\\/\",\"url\":\"https:\\\/\\\/adv-laetitia.de\\\/wp-content\\\/uploads\\\/Wappen_ADV_Laetitia.jpg\",\"contentUrl\":\"https:\\\/\\\/adv-laetitia.de\\\/wp-content\\\/uploads\\\/Wappen_ADV_Laetitia.jpg\",\"width\":512,\"height\":512,\"caption\":\"A.D.V - Laetitia\"},\"image\":{\"@id\":\"https:\\\/\\\/adv-laetitia.de\\\/#\\\/schema\\\/logo\\\/image\\\/\"},\"sameAs\":[\"https:\\\/\\\/www.instagram.com\\\/advlaetitia\\\/\"]}]}<\/script>\n<!-- \/ Yoast SEO plugin. -->","yoast_head_json":{"title":"Hausbauverein Alania e.V. | Unsere Gipsburg - ADV Laetitia","description":"Der Hausbauverein Alania e.V. wird am 04.05.1954 von sieben Mitgliedern der Aktivitas des K.St.V. Alania-Breslau zu Aachen gegr\u00fcndet...","robots":{"index":"index","follow":"follow","max-snippet":"max-snippet:-1","max-image-preview":"max-image-preview:large","max-video-preview":"max-video-preview:-1"},"canonical":"https:\/\/adv-laetitia.de\/?page_id=145","og_locale":"de_DE","og_type":"article","og_title":"Hausbauverein Alania e.V. | Unsere Gipsburg - ADV Laetitia","og_description":"Der Hausbauverein Alania e.V. wird am 04.05.1954 von sieben Mitgliedern der Aktivitas des K.St.V. Alania-Breslau zu Aachen gegr\u00fcndet...","og_url":"https:\/\/adv-laetitia.de\/?page_id=145","og_site_name":"ADV Laetitia","article_modified_time":"2020-12-04T22:12:27+00:00","twitter_card":"summary_large_image","twitter_misc":{"Gesch\u00e4tzte Lesezeit":"1\u00a0Minute"},"schema":{"@context":"https:\/\/schema.org","@graph":[{"@type":"WebPage","@id":"https:\/\/adv-laetitia.de\/?page_id=145","url":"https:\/\/adv-laetitia.de\/?page_id=145","name":"Hausbauverein Alania e.V. | Unsere Gipsburg - ADV Laetitia","isPartOf":{"@id":"https:\/\/adv-laetitia.de\/#website"},"datePublished":"2018-08-09T14:24:44+00:00","dateModified":"2020-12-04T22:12:27+00:00","description":"Der Hausbauverein Alania e.V. wird am 04.05.1954 von sieben Mitgliedern der Aktivitas des K.St.V. Alania-Breslau zu Aachen gegr\u00fcndet...","breadcrumb":{"@id":"https:\/\/adv-laetitia.de\/?page_id=145#breadcrumb"},"inLanguage":"de","potentialAction":[{"@type":"ReadAction","target":["https:\/\/adv-laetitia.de\/?page_id=145"]}]},{"@type":"BreadcrumbList","@id":"https:\/\/adv-laetitia.de\/?page_id=145#breadcrumb","itemListElement":[{"@type":"ListItem","position":1,"name":"Startseite","item":"https:\/\/adv-laetitia.de\/"},{"@type":"ListItem","position":2,"name":"Hausbauverein Alania e.V."}]},{"@type":"WebSite","@id":"https:\/\/adv-laetitia.de\/#website","url":"https:\/\/adv-laetitia.de\/","name":"A.D.V. Laetitia","description":"Akademische Damenverbindung Laetitia zu Aachen","publisher":{"@id":"https:\/\/adv-laetitia.de\/#organization"},"potentialAction":[{"@type":"SearchAction","target":{"@type":"EntryPoint","urlTemplate":"https:\/\/adv-laetitia.de\/?s={search_term_string}"},"query-input":{"@type":"PropertyValueSpecification","valueRequired":true,"valueName":"search_term_string"}}],"inLanguage":"de"},{"@type":"Organization","@id":"https:\/\/adv-laetitia.de\/#organization","name":"A.D.V - Laetitia","url":"https:\/\/adv-laetitia.de\/","logo":{"@type":"ImageObject","inLanguage":"de","@id":"https:\/\/adv-laetitia.de\/#\/schema\/logo\/image\/","url":"https:\/\/adv-laetitia.de\/wp-content\/uploads\/Wappen_ADV_Laetitia.jpg","contentUrl":"https:\/\/adv-laetitia.de\/wp-content\/uploads\/Wappen_ADV_Laetitia.jpg","width":512,"height":512,"caption":"A.D.V - Laetitia"},"image":{"@id":"https:\/\/adv-laetitia.de\/#\/schema\/logo\/image\/"},"sameAs":["https:\/\/www.instagram.com\/advlaetitia\/"]}]}},"_links":{"self":[{"href":"https:\/\/adv-laetitia.de\/index.php?rest_route=\/wp\/v2\/pages\/145","targetHints":{"allow":["GET"]}}],"collection":[{"href":"https:\/\/adv-laetitia.de\/index.php?rest_route=\/wp\/v2\/pages"}],"about":[{"href":"https:\/\/adv-laetitia.de\/index.php?rest_route=\/wp\/v2\/types\/page"}],"author":[{"embeddable":true,"href":"https:\/\/adv-laetitia.de\/index.php?rest_route=\/wp\/v2\/users\/2"}],"replies":[{"embeddable":true,"href":"https:\/\/adv-laetitia.de\/index.php?rest_route=%2Fwp%2Fv2%2Fcomments&post=145"}],"version-history":[{"count":5,"href":"https:\/\/adv-laetitia.de\/index.php?rest_route=\/wp\/v2\/pages\/145\/revisions"}],"predecessor-version":[{"id":1101,"href":"https:\/\/adv-laetitia.de\/index.php?rest_route=\/wp\/v2\/pages\/145\/revisions\/1101"}],"wp:attachment":[{"href":"https:\/\/adv-laetitia.de\/index.php?rest_route=%2Fwp%2Fv2%2Fmedia&parent=145"}],"curies":[{"name":"wp","href":"https:\/\/api.w.org\/{rel}","templated":true}]}}