{"id":34,"date":"2018-08-07T09:38:57","date_gmt":"2018-08-07T09:38:57","guid":{"rendered":"https:\/\/adv-laetitia.de\/?page_id=34"},"modified":"2026-04-16T14:52:42","modified_gmt":"2026-04-16T14:52:42","slug":"herzlichwillkommen","status":"publish","type":"page","link":"https:\/\/adv-laetitia.de\/","title":{"rendered":"Herzlich Willkommen!"},"content":{"rendered":"<p style=\"text-align: center;\">&#8230;auf der Homepage der Akademischen Damenverbindung Laetitia zu Aachen!<\/p>\n<p style=\"text-align: center;\">Wir sind eine Gemeinschaft von Studentinnen und Absolventinnen der Hochschulen aus Aachen und Umgebung. Wir freuen uns, dass Du den Weg auf unsere Website gefunden hast. Auf den folgenden Seiten kannst Du dich gerne \u00fcber uns und unsere Gemeinschaft informieren. Werfe daher gerne einen Blick auf unser<\/p>\n<p style=\"text-align: center;\"><a href=\"https:\/\/www.adv-laetitia.de\/?page_id=112\">Semesterprogramm<\/a>!<\/p>\n<p style=\"text-align: center;\">Sollten wir Dein Interesse geweckt haben, freuen wir uns, Dich auf unseren Veranstaltungen begr\u00fc\u00dfen zu d\u00fcrfen!<\/p>\n\n\n<figure class=\"wp-block-image size-large\"><img loading=\"lazy\" decoding=\"async\" width=\"2560\" height=\"1707\" src=\"https:\/\/adv-laetitia.de\/wp-content\/uploads\/Bild_Vorstand-edited-scaled.jpg\" alt=\"\" class=\"wp-image-2492\" srcset=\"https:\/\/adv-laetitia.de\/wp-content\/uploads\/Bild_Vorstand-edited-scaled.jpg 2560w, https:\/\/adv-laetitia.de\/wp-content\/uploads\/Bild_Vorstand-edited-300x200.jpg 300w, https:\/\/adv-laetitia.de\/wp-content\/uploads\/Bild_Vorstand-edited-1024x683.jpg 1024w, https:\/\/adv-laetitia.de\/wp-content\/uploads\/Bild_Vorstand-edited-768x512.jpg 768w, https:\/\/adv-laetitia.de\/wp-content\/uploads\/Bild_Vorstand-edited-1536x1024.jpg 1536w, https:\/\/adv-laetitia.de\/wp-content\/uploads\/Bild_Vorstand-edited-2048x1365.jpg 2048w, https:\/\/adv-laetitia.de\/wp-content\/uploads\/Bild_Vorstand-edited-225x150.jpg 225w\" sizes=\"auto, (max-width: 2560px) 100vw, 2560px\" \/><\/figure>\n\n\n<p><!-- \/wp:post-content --><\/p>\n<p><!-- wp:paragraph {\"align\":\"center\"} --><\/p>\n<p class=\"has-text-align-center\"><em>Vorstand im Sommersemester 2026<\/em><\/p>\n<p><!-- \/wp:paragraph --><\/p>\n<p><!-- wp:paragraph --><\/p>\n<p><!-- \/wp:paragraph --><\/p>","protected":false},"excerpt":{"rendered":"<p>&#8230;auf der Homepage der Akademischen Damenverbindung Laetitia zu Aachen! Wir sind eine Gemeinschaft von Studentinnen und Absolventinnen der Hochschulen aus Aachen und Umgebung. Wir freuen uns, dass Du den Weg auf unsere Website gefunden hast. Auf den folgenden Seiten kannst Du dich gerne \u00fcber uns und unsere Gemeinschaft informieren. Werfe daher gerne einen Blick auf unser Semesterprogramm! Sollten wir Dein Interesse geweckt haben, freuen wir uns, Dich auf unseren Veranstaltungen begr\u00fc\u00dfen zu d\u00fcrfen! Vorstand im Sommersemester 2026<\/p>\n","protected":false},"author":2,"featured_media":0,"parent":0,"menu_order":0,"comment_status":"closed","ping_status":"closed","template":"","meta":{"footnotes":""},"class_list":["post-34","page","type-page","status-publish","hentry"],"yoast_head":"<!-- This site is optimized with the Yoast SEO plugin v27.5 - https:\/\/yoast.com\/product\/yoast-seo-wordpress\/ -->\n<title>Herzlich Willkommen! - ADV Laetitia<\/title>\n<meta name=\"description\" content=\"...auf der Homepage der Akademischen Damenverbindung Laetitia zu Aachen! Wir sind eine Gemeinschaft von Studenten und Absolventen der Aachener Hochschulen.\" \/>\n<meta name=\"robots\" content=\"index, follow, max-snippet:-1, max-image-preview:large, max-video-preview:-1\" \/>\n<link rel=\"canonical\" href=\"https:\/\/adv-laetitia.de\/\" \/>\n<meta property=\"og:locale\" content=\"de_DE\" \/>\n<meta property=\"og:type\" content=\"article\" \/>\n<meta property=\"og:title\" content=\"Herzlich Willkommen! - ADV Laetitia\" \/>\n<meta property=\"og:description\" content=\"...auf der Homepage der Akademischen Damenverbindung Laetitia zu Aachen! Wir sind eine Gemeinschaft von Studenten und Absolventen der Aachener Hochschulen.\" \/>\n<meta property=\"og:url\" content=\"https:\/\/adv-laetitia.de\/\" \/>\n<meta property=\"og:site_name\" content=\"ADV Laetitia\" \/>\n<meta property=\"article:modified_time\" content=\"2026-04-16T14:52:42+00:00\" \/>\n<meta property=\"og:image\" content=\"https:\/\/adv-laetitia.de\/wp-content\/uploads\/Bild_Vorstand-edited-scaled.jpg\" \/>\n\t<meta property=\"og:image:width\" content=\"2560\" \/>\n\t<meta property=\"og:image:height\" content=\"1707\" \/>\n\t<meta property=\"og:image:type\" content=\"image\/jpeg\" \/>\n<meta name=\"twitter:card\" content=\"summary_large_image\" \/>\n<meta name=\"twitter:label1\" content=\"Gesch\u00e4tzte Lesezeit\" \/>\n\t<meta name=\"twitter:data1\" content=\"1\u00a0Minute\" \/>\n<script type=\"application\/ld+json\" class=\"yoast-schema-graph\">{\"@context\":\"https:\\\/\\\/schema.org\",\"@graph\":[{\"@type\":\"WebPage\",\"@id\":\"https:\\\/\\\/adv-laetitia.de\\\/\",\"url\":\"https:\\\/\\\/adv-laetitia.de\\\/\",\"name\":\"Herzlich Willkommen! - ADV Laetitia\",\"isPartOf\":{\"@id\":\"https:\\\/\\\/adv-laetitia.de\\\/#website\"},\"primaryImageOfPage\":{\"@id\":\"https:\\\/\\\/adv-laetitia.de\\\/#primaryimage\"},\"image\":{\"@id\":\"https:\\\/\\\/adv-laetitia.de\\\/#primaryimage\"},\"thumbnailUrl\":\"https:\\\/\\\/adv-laetitia.de\\\/wp-content\\\/uploads\\\/Bild_Vorstand-edited-scaled.jpg\",\"datePublished\":\"2018-08-07T09:38:57+00:00\",\"dateModified\":\"2026-04-16T14:52:42+00:00\",\"description\":\"...auf der Homepage der Akademischen Damenverbindung Laetitia zu Aachen! Wir sind eine Gemeinschaft von Studenten und Absolventen der Aachener Hochschulen.\",\"breadcrumb\":{\"@id\":\"https:\\\/\\\/adv-laetitia.de\\\/#breadcrumb\"},\"inLanguage\":\"de\",\"potentialAction\":[{\"@type\":\"ReadAction\",\"target\":[\"https:\\\/\\\/adv-laetitia.de\\\/\"]}]},{\"@type\":\"ImageObject\",\"inLanguage\":\"de\",\"@id\":\"https:\\\/\\\/adv-laetitia.de\\\/#primaryimage\",\"url\":\"https:\\\/\\\/adv-laetitia.de\\\/wp-content\\\/uploads\\\/Bild_Vorstand-edited-scaled.jpg\",\"contentUrl\":\"https:\\\/\\\/adv-laetitia.de\\\/wp-content\\\/uploads\\\/Bild_Vorstand-edited-scaled.jpg\",\"width\":2560,\"height\":1707},{\"@type\":\"BreadcrumbList\",\"@id\":\"https:\\\/\\\/adv-laetitia.de\\\/#breadcrumb\",\"itemListElement\":[{\"@type\":\"ListItem\",\"position\":1,\"name\":\"Startseite\",\"item\":\"https:\\\/\\\/adv-laetitia.de\\\/\"},{\"@type\":\"ListItem\",\"position\":2,\"name\":\"Herzlich Willkommen!\"}]},{\"@type\":\"WebSite\",\"@id\":\"https:\\\/\\\/adv-laetitia.de\\\/#website\",\"url\":\"https:\\\/\\\/adv-laetitia.de\\\/\",\"name\":\"A.D.V. Laetitia\",\"description\":\"Akademische Damenverbindung Laetitia zu Aachen\",\"publisher\":{\"@id\":\"https:\\\/\\\/adv-laetitia.de\\\/#organization\"},\"potentialAction\":[{\"@type\":\"SearchAction\",\"target\":{\"@type\":\"EntryPoint\",\"urlTemplate\":\"https:\\\/\\\/adv-laetitia.de\\\/?s={search_term_string}\"},\"query-input\":{\"@type\":\"PropertyValueSpecification\",\"valueRequired\":true,\"valueName\":\"search_term_string\"}}],\"inLanguage\":\"de\"},{\"@type\":\"Organization\",\"@id\":\"https:\\\/\\\/adv-laetitia.de\\\/#organization\",\"name\":\"A.D.V - Laetitia\",\"url\":\"https:\\\/\\\/adv-laetitia.de\\\/\",\"logo\":{\"@type\":\"ImageObject\",\"inLanguage\":\"de\",\"@id\":\"https:\\\/\\\/adv-laetitia.de\\\/#\\\/schema\\\/logo\\\/image\\\/\",\"url\":\"https:\\\/\\\/adv-laetitia.de\\\/wp-content\\\/uploads\\\/Wappen_ADV_Laetitia.jpg\",\"contentUrl\":\"https:\\\/\\\/adv-laetitia.de\\\/wp-content\\\/uploads\\\/Wappen_ADV_Laetitia.jpg\",\"width\":512,\"height\":512,\"caption\":\"A.D.V - Laetitia\"},\"image\":{\"@id\":\"https:\\\/\\\/adv-laetitia.de\\\/#\\\/schema\\\/logo\\\/image\\\/\"},\"sameAs\":[\"https:\\\/\\\/www.instagram.com\\\/advlaetitia\\\/\"]}]}<\/script>\n<!-- \/ Yoast SEO plugin. -->","yoast_head_json":{"title":"Herzlich Willkommen! - ADV Laetitia","description":"...auf der Homepage der Akademischen Damenverbindung Laetitia zu Aachen! Wir sind eine Gemeinschaft von Studenten und Absolventen der Aachener Hochschulen.","robots":{"index":"index","follow":"follow","max-snippet":"max-snippet:-1","max-image-preview":"max-image-preview:large","max-video-preview":"max-video-preview:-1"},"canonical":"https:\/\/adv-laetitia.de\/","og_locale":"de_DE","og_type":"article","og_title":"Herzlich Willkommen! - ADV Laetitia","og_description":"...auf der Homepage der Akademischen Damenverbindung Laetitia zu Aachen! Wir sind eine Gemeinschaft von Studenten und Absolventen der Aachener Hochschulen.","og_url":"https:\/\/adv-laetitia.de\/","og_site_name":"ADV Laetitia","article_modified_time":"2026-04-16T14:52:42+00:00","og_image":[{"width":2560,"height":1707,"url":"https:\/\/adv-laetitia.de\/wp-content\/uploads\/Bild_Vorstand-edited-scaled.jpg","type":"image\/jpeg"}],"twitter_card":"summary_large_image","twitter_misc":{"Gesch\u00e4tzte Lesezeit":"1\u00a0Minute"},"schema":{"@context":"https:\/\/schema.org","@graph":[{"@type":"WebPage","@id":"https:\/\/adv-laetitia.de\/","url":"https:\/\/adv-laetitia.de\/","name":"Herzlich Willkommen! - ADV Laetitia","isPartOf":{"@id":"https:\/\/adv-laetitia.de\/#website"},"primaryImageOfPage":{"@id":"https:\/\/adv-laetitia.de\/#primaryimage"},"image":{"@id":"https:\/\/adv-laetitia.de\/#primaryimage"},"thumbnailUrl":"https:\/\/adv-laetitia.de\/wp-content\/uploads\/Bild_Vorstand-edited-scaled.jpg","datePublished":"2018-08-07T09:38:57+00:00","dateModified":"2026-04-16T14:52:42+00:00","description":"...auf der Homepage der Akademischen Damenverbindung Laetitia zu Aachen! Wir sind eine Gemeinschaft von Studenten und Absolventen der Aachener Hochschulen.","breadcrumb":{"@id":"https:\/\/adv-laetitia.de\/#breadcrumb"},"inLanguage":"de","potentialAction":[{"@type":"ReadAction","target":["https:\/\/adv-laetitia.de\/"]}]},{"@type":"ImageObject","inLanguage":"de","@id":"https:\/\/adv-laetitia.de\/#primaryimage","url":"https:\/\/adv-laetitia.de\/wp-content\/uploads\/Bild_Vorstand-edited-scaled.jpg","contentUrl":"https:\/\/adv-laetitia.de\/wp-content\/uploads\/Bild_Vorstand-edited-scaled.jpg","width":2560,"height":1707},{"@type":"BreadcrumbList","@id":"https:\/\/adv-laetitia.de\/#breadcrumb","itemListElement":[{"@type":"ListItem","position":1,"name":"Startseite","item":"https:\/\/adv-laetitia.de\/"},{"@type":"ListItem","position":2,"name":"Herzlich Willkommen!"}]},{"@type":"WebSite","@id":"https:\/\/adv-laetitia.de\/#website","url":"https:\/\/adv-laetitia.de\/","name":"A.D.V. Laetitia","description":"Akademische Damenverbindung Laetitia zu Aachen","publisher":{"@id":"https:\/\/adv-laetitia.de\/#organization"},"potentialAction":[{"@type":"SearchAction","target":{"@type":"EntryPoint","urlTemplate":"https:\/\/adv-laetitia.de\/?s={search_term_string}"},"query-input":{"@type":"PropertyValueSpecification","valueRequired":true,"valueName":"search_term_string"}}],"inLanguage":"de"},{"@type":"Organization","@id":"https:\/\/adv-laetitia.de\/#organization","name":"A.D.V - Laetitia","url":"https:\/\/adv-laetitia.de\/","logo":{"@type":"ImageObject","inLanguage":"de","@id":"https:\/\/adv-laetitia.de\/#\/schema\/logo\/image\/","url":"https:\/\/adv-laetitia.de\/wp-content\/uploads\/Wappen_ADV_Laetitia.jpg","contentUrl":"https:\/\/adv-laetitia.de\/wp-content\/uploads\/Wappen_ADV_Laetitia.jpg","width":512,"height":512,"caption":"A.D.V - Laetitia"},"image":{"@id":"https:\/\/adv-laetitia.de\/#\/schema\/logo\/image\/"},"sameAs":["https:\/\/www.instagram.com\/advlaetitia\/"]}]}},"_links":{"self":[{"href":"https:\/\/adv-laetitia.de\/index.php?rest_route=\/wp\/v2\/pages\/34","targetHints":{"allow":["GET"]}}],"collection":[{"href":"https:\/\/adv-laetitia.de\/index.php?rest_route=\/wp\/v2\/pages"}],"about":[{"href":"https:\/\/adv-laetitia.de\/index.php?rest_route=\/wp\/v2\/types\/page"}],"author":[{"embeddable":true,"href":"https:\/\/adv-laetitia.de\/index.php?rest_route=\/wp\/v2\/users\/2"}],"replies":[{"embeddable":true,"href":"https:\/\/adv-laetitia.de\/index.php?rest_route=%2Fwp%2Fv2%2Fcomments&post=34"}],"version-history":[{"count":97,"href":"https:\/\/adv-laetitia.de\/index.php?rest_route=\/wp\/v2\/pages\/34\/revisions"}],"predecessor-version":[{"id":2497,"href":"https:\/\/adv-laetitia.de\/index.php?rest_route=\/wp\/v2\/pages\/34\/revisions\/2497"}],"wp:attachment":[{"href":"https:\/\/adv-laetitia.de\/index.php?rest_route=%2Fwp%2Fv2%2Fmedia&parent=34"}],"curies":[{"name":"wp","href":"https:\/\/api.w.org\/{rel}","templated":true}]}}