{"id":764,"date":"2019-09-23T16:22:14","date_gmt":"2019-09-23T16:22:14","guid":{"rendered":"https:\/\/www.adv-laetitia.de\/?page_id=764"},"modified":"2026-02-02T10:46:06","modified_gmt":"2026-02-02T10:46:06","slug":"der-vorstand","status":"publish","type":"page","link":"https:\/\/adv-laetitia.de\/?page_id=764","title":{"rendered":"Der Vorstand"},"content":{"rendered":"\n<p class=\"has-text-align-center\"><p style=\"text-align: left;\">Der Vorstand wird aus f\u00fcnf Mitgliedern der Aktivitas gebildet und jedes Semester neu gew\u00e4hlt. Durch die verschiedenen Aufgaben \u00fcbernimmt er eine gro\u00dfe Verantwortung in der Verbindung.<\/p>\n<p><img loading=\"lazy\" decoding=\"async\" class=\"aligncenter\" src=\"https:\/\/www.adv-laetitia.de\/wp-content\/uploads\/wappen150.jpg\" alt=\"\" width=\"150\" height=\"150\"><\/p><\/p>\n\n\n\n<p class=\"has-text-align-center\"><p class=\"has-text-align-center\" style=\"text-align: center;\"><strong>Seniora (X)<\/strong><\/p><p class=\"has-text-align-center\" style=\"text-align: center;\">Name: Victoria G.<\/p><p class=\"has-text-align-center\" style=\"text-align: center;\">Studiengang: Maschinenbau (B.Sc.)<\/p><br><p class=\"has-text-align-center\" style=\"text-align: center;\">Die Seniora \u00fcbernimmt die Vertretung des Bundes nach au\u00dfen und leitet die Veranstaltungen.<\/p><\/p>\n\n\n\n<p class=\"has-text-align-center\"><\/p>\n\n\n\n<p><\/p>\n\n\n<div><img loading=\"lazy\" decoding=\"async\" class=\"aligncenter\" src=\"https:\/\/www.adv-laetitia.de\/wp-content\/uploads\/wappen150.jpg\" alt=\"\" width=\"150\" height=\"150\" \/><\/div>\n<div class=\"wp-block-image is-style-rounded\" style=\"text-align: center;\"><strong>Vizeseniora (VX)<\/strong><\/div>\n<div class=\"wp-block-image is-style-rounded\" style=\"text-align: center;\">Name: Josephine K.<\/div>\n<div class=\"wp-block-image is-style-rounded\" style=\"text-align: center;\">Studiengang: Humanmedizin<\/div>\n\n\n\n<p style=\"text-align: center;\">Die Vizeseniora ist f\u00fcr die Organisation und Planung der Veranstaltungen zust\u00e4ndig.<\/p>\n<p><img decoding=\"async\" class=\"aligncenter\" src=\"https:\/\/www.adv-laetitia.de\/wp-content\/uploads\/wappen150.jpg\" \/><\/p>\n\n\n<p><\/p>\n\n\n<p class=\"has-text-align-center\" style=\"text-align: center;\"><strong>Fuxmajora (FM)<\/strong><\/p>\n<p style=\"text-align: center;\">Name: Frauke R.<\/p>\n<p style=\"text-align: center;\">Studiengang: Elektrotechnik (B.Sc.)<\/p>\n<p style=\"text-align: center;\">Die Fuxmajora dient als Ansprechpartnerin f\u00fcr die F\u00fcxe und k\u00fcmmert sich um die Ausrichtung der Fuxenstunden.<\/p>\n<p style=\"text-align: center;\">\u00a0<\/p>\n\n\n<p><\/p>\n\n\n<div><img decoding=\"async\" class=\"aligncenter\" src=\"https:\/\/www.adv-laetitia.de\/wp-content\/uploads\/wappen150.jpg\" \/><\/div>\n\n\n<p class=\"has-text-align-center\"><strong>Scriptora (SC)<\/strong><\/p>\n\n\n\n<p class=\"has-text-align-center\">Name: Kira K.<\/p>\n\n\n\n<p class=\"has-text-align-center\">Studiengang: Lehramt Englisch und Geschichte (M.Sc.)<\/p>\n\n\n<p style=\"text-align: center;\">Die Schriftf\u00fchrerin k\u00fcmmert sich um den Druck des Semesterprogramms, die Erstellung der Conventsprotokolle und jeglichen Schriftverkehr.<\/p>\n\n\n<p><\/p>\n\n\n<div class=\"wp-block-image\">\n<figure class=\"aligncenter size-medium\"><img decoding=\"async\" src=\"https:\/\/www.adv-laetitia.de\/wp-content\/uploads\/wappen150.jpg\" alt=\"\" class=\"wp-image-1301\"\/><\/figure>\n<\/div>\n\n\n<p><\/p>\n\n\n\n<p class=\"has-text-align-center\"><p style=\"text-align: center;\"><strong>Quaestora (QX)<\/strong><\/p><br><p style=\"text-align: center;\">Name: Mariia T.<\/p><br><p style=\"text-align: center;\">Studiengang: Mathematik (B.Sc.)<\/p><br><p style=\"text-align: center;\">Die Kassiererin ist f\u00fcr die Kasse und die finanziellen Mittel der Laetitia verantwortlich.<\/p><\/p>\n\n\n\n<p class=\"has-text-align-center\"><\/p>\n","protected":false},"excerpt":{"rendered":"<p>Der Vorstand wird aus f\u00fcnf Mitgliedern der Aktivitas gebildet und jedes Semester neu gew\u00e4hlt. Durch die verschiedenen Aufgaben \u00fcbernimmt er eine gro\u00dfe Verantwortung in der Verbindung. Seniora (X) Name: Victoria G. Studiengang: Maschinenbau (B.Sc.) Die Seniora \u00fcbernimmt die Vertretung des Bundes nach au\u00dfen und leitet die Veranstaltungen. Vizeseniora (VX) Name: Josephine K. Studiengang: Humanmedizin Die Vizeseniora ist f\u00fcr die Organisation und Planung der Veranstaltungen zust\u00e4ndig. Fuxmajora (FM) Name: Frauke R. Studiengang: Elektrotechnik (B.Sc.) Die Fuxmajora dient als Ansprechpartnerin f\u00fcr die F\u00fcxe und k\u00fcmmert sich um die Ausrichtung der Fuxenstunden. \u00a0 Scriptora (SC) Name: Kira K. Studiengang: Lehramt Englisch und Geschichte (M.Sc.) Die Schriftf\u00fchrerin k\u00fcmmert sich um den Druck des Semesterprogramms, die Erstellung der Conventsprotokolle und jeglichen Schriftverkehr. Quaestora (QX) Name: Mariia T. Studiengang: Mathematik (B.Sc.) Die Kassiererin ist f\u00fcr die Kasse und die finanziellen Mittel der Laetitia verantwortlich.<\/p>\n","protected":false},"author":19,"featured_media":0,"parent":0,"menu_order":0,"comment_status":"closed","ping_status":"closed","template":"","meta":{"footnotes":""},"class_list":["post-764","page","type-page","status-publish","hentry"],"yoast_head":"<!-- This site is optimized with the Yoast SEO plugin v27.5 - https:\/\/yoast.com\/product\/yoast-seo-wordpress\/ -->\n<title>Der Vorstand im Wintersemester 2019\/20 - ADV Laetitia<\/title>\n<meta name=\"description\" content=\"Seniora (X): Inga H., Vizeseniora (VX): Lisa K., Fuxmajora (FM): Carlotta F., Scriptora (SC): Tanja L., Quaestora (QX): Luisa B.\" \/>\n<meta name=\"robots\" content=\"index, follow, max-snippet:-1, max-image-preview:large, max-video-preview:-1\" \/>\n<link rel=\"canonical\" href=\"https:\/\/adv-laetitia.de\/?page_id=764\" \/>\n<meta property=\"og:locale\" content=\"de_DE\" \/>\n<meta property=\"og:type\" content=\"article\" \/>\n<meta property=\"og:title\" content=\"Der Vorstand im Wintersemester 2019\/20 - ADV Laetitia\" \/>\n<meta property=\"og:description\" content=\"Seniora (X): Inga H., Vizeseniora (VX): Lisa K., Fuxmajora (FM): Carlotta F., Scriptora (SC): Tanja L., Quaestora (QX): Luisa B.\" \/>\n<meta property=\"og:url\" content=\"https:\/\/adv-laetitia.de\/?page_id=764\" \/>\n<meta property=\"og:site_name\" content=\"ADV Laetitia\" \/>\n<meta property=\"article:modified_time\" content=\"2026-02-02T10:46:06+00:00\" \/>\n<meta property=\"og:image\" content=\"https:\/\/adv-laetitia.de\/wp-content\/uploads\/1802ae21-72e8-4ae9-ac95-8433f1094cc7.jpg\" \/>\n\t<meta property=\"og:image:width\" content=\"1600\" \/>\n\t<meta property=\"og:image:height\" content=\"1600\" \/>\n\t<meta property=\"og:image:type\" content=\"image\/jpeg\" \/>\n<meta name=\"twitter:card\" content=\"summary_large_image\" \/>\n<meta name=\"twitter:label1\" content=\"Gesch\u00e4tzte Lesezeit\" \/>\n\t<meta name=\"twitter:data1\" content=\"1\u00a0Minute\" \/>\n<script type=\"application\/ld+json\" class=\"yoast-schema-graph\">{\"@context\":\"https:\\\/\\\/schema.org\",\"@graph\":[{\"@type\":\"WebPage\",\"@id\":\"https:\\\/\\\/adv-laetitia.de\\\/?page_id=764\",\"url\":\"https:\\\/\\\/adv-laetitia.de\\\/?page_id=764\",\"name\":\"Der Vorstand im Wintersemester 2019\\\/20 - ADV Laetitia\",\"isPartOf\":{\"@id\":\"https:\\\/\\\/adv-laetitia.de\\\/#website\"},\"primaryImageOfPage\":{\"@id\":\"https:\\\/\\\/adv-laetitia.de\\\/?page_id=764#primaryimage\"},\"image\":{\"@id\":\"https:\\\/\\\/adv-laetitia.de\\\/?page_id=764#primaryimage\"},\"thumbnailUrl\":\"https:\\\/\\\/www.adv-laetitia.de\\\/wp-content\\\/uploads\\\/wappen150.jpg\",\"datePublished\":\"2019-09-23T16:22:14+00:00\",\"dateModified\":\"2026-02-02T10:46:06+00:00\",\"description\":\"Seniora (X): Inga H., Vizeseniora (VX): Lisa K., Fuxmajora (FM): Carlotta F., Scriptora (SC): Tanja L., Quaestora (QX): Luisa B.\",\"breadcrumb\":{\"@id\":\"https:\\\/\\\/adv-laetitia.de\\\/?page_id=764#breadcrumb\"},\"inLanguage\":\"de\",\"potentialAction\":[{\"@type\":\"ReadAction\",\"target\":[\"https:\\\/\\\/adv-laetitia.de\\\/?page_id=764\"]}]},{\"@type\":\"ImageObject\",\"inLanguage\":\"de\",\"@id\":\"https:\\\/\\\/adv-laetitia.de\\\/?page_id=764#primaryimage\",\"url\":\"https:\\\/\\\/www.adv-laetitia.de\\\/wp-content\\\/uploads\\\/wappen150.jpg\",\"contentUrl\":\"https:\\\/\\\/www.adv-laetitia.de\\\/wp-content\\\/uploads\\\/wappen150.jpg\"},{\"@type\":\"BreadcrumbList\",\"@id\":\"https:\\\/\\\/adv-laetitia.de\\\/?page_id=764#breadcrumb\",\"itemListElement\":[{\"@type\":\"ListItem\",\"position\":1,\"name\":\"Startseite\",\"item\":\"https:\\\/\\\/adv-laetitia.de\\\/\"},{\"@type\":\"ListItem\",\"position\":2,\"name\":\"Der Vorstand\"}]},{\"@type\":\"WebSite\",\"@id\":\"https:\\\/\\\/adv-laetitia.de\\\/#website\",\"url\":\"https:\\\/\\\/adv-laetitia.de\\\/\",\"name\":\"A.D.V. Laetitia\",\"description\":\"Akademische Damenverbindung Laetitia zu Aachen\",\"publisher\":{\"@id\":\"https:\\\/\\\/adv-laetitia.de\\\/#organization\"},\"potentialAction\":[{\"@type\":\"SearchAction\",\"target\":{\"@type\":\"EntryPoint\",\"urlTemplate\":\"https:\\\/\\\/adv-laetitia.de\\\/?s={search_term_string}\"},\"query-input\":{\"@type\":\"PropertyValueSpecification\",\"valueRequired\":true,\"valueName\":\"search_term_string\"}}],\"inLanguage\":\"de\"},{\"@type\":\"Organization\",\"@id\":\"https:\\\/\\\/adv-laetitia.de\\\/#organization\",\"name\":\"A.D.V - Laetitia\",\"url\":\"https:\\\/\\\/adv-laetitia.de\\\/\",\"logo\":{\"@type\":\"ImageObject\",\"inLanguage\":\"de\",\"@id\":\"https:\\\/\\\/adv-laetitia.de\\\/#\\\/schema\\\/logo\\\/image\\\/\",\"url\":\"https:\\\/\\\/adv-laetitia.de\\\/wp-content\\\/uploads\\\/Wappen_ADV_Laetitia.jpg\",\"contentUrl\":\"https:\\\/\\\/adv-laetitia.de\\\/wp-content\\\/uploads\\\/Wappen_ADV_Laetitia.jpg\",\"width\":512,\"height\":512,\"caption\":\"A.D.V - Laetitia\"},\"image\":{\"@id\":\"https:\\\/\\\/adv-laetitia.de\\\/#\\\/schema\\\/logo\\\/image\\\/\"},\"sameAs\":[\"https:\\\/\\\/www.instagram.com\\\/advlaetitia\\\/\"]}]}<\/script>\n<!-- \/ Yoast SEO plugin. -->","yoast_head_json":{"title":"Der Vorstand im Wintersemester 2019\/20 - ADV Laetitia","description":"Seniora (X): Inga H., Vizeseniora (VX): Lisa K., Fuxmajora (FM): Carlotta F., Scriptora (SC): Tanja L., Quaestora (QX): Luisa B.","robots":{"index":"index","follow":"follow","max-snippet":"max-snippet:-1","max-image-preview":"max-image-preview:large","max-video-preview":"max-video-preview:-1"},"canonical":"https:\/\/adv-laetitia.de\/?page_id=764","og_locale":"de_DE","og_type":"article","og_title":"Der Vorstand im Wintersemester 2019\/20 - ADV Laetitia","og_description":"Seniora (X): Inga H., Vizeseniora (VX): Lisa K., Fuxmajora (FM): Carlotta F., Scriptora (SC): Tanja L., Quaestora (QX): Luisa B.","og_url":"https:\/\/adv-laetitia.de\/?page_id=764","og_site_name":"ADV Laetitia","article_modified_time":"2026-02-02T10:46:06+00:00","og_image":[{"width":1600,"height":1600,"url":"https:\/\/adv-laetitia.de\/wp-content\/uploads\/1802ae21-72e8-4ae9-ac95-8433f1094cc7.jpg","type":"image\/jpeg"}],"twitter_card":"summary_large_image","twitter_misc":{"Gesch\u00e4tzte Lesezeit":"1\u00a0Minute"},"schema":{"@context":"https:\/\/schema.org","@graph":[{"@type":"WebPage","@id":"https:\/\/adv-laetitia.de\/?page_id=764","url":"https:\/\/adv-laetitia.de\/?page_id=764","name":"Der Vorstand im Wintersemester 2019\/20 - ADV Laetitia","isPartOf":{"@id":"https:\/\/adv-laetitia.de\/#website"},"primaryImageOfPage":{"@id":"https:\/\/adv-laetitia.de\/?page_id=764#primaryimage"},"image":{"@id":"https:\/\/adv-laetitia.de\/?page_id=764#primaryimage"},"thumbnailUrl":"https:\/\/www.adv-laetitia.de\/wp-content\/uploads\/wappen150.jpg","datePublished":"2019-09-23T16:22:14+00:00","dateModified":"2026-02-02T10:46:06+00:00","description":"Seniora (X): Inga H., Vizeseniora (VX): Lisa K., Fuxmajora (FM): Carlotta F., Scriptora (SC): Tanja L., Quaestora (QX): Luisa B.","breadcrumb":{"@id":"https:\/\/adv-laetitia.de\/?page_id=764#breadcrumb"},"inLanguage":"de","potentialAction":[{"@type":"ReadAction","target":["https:\/\/adv-laetitia.de\/?page_id=764"]}]},{"@type":"ImageObject","inLanguage":"de","@id":"https:\/\/adv-laetitia.de\/?page_id=764#primaryimage","url":"https:\/\/www.adv-laetitia.de\/wp-content\/uploads\/wappen150.jpg","contentUrl":"https:\/\/www.adv-laetitia.de\/wp-content\/uploads\/wappen150.jpg"},{"@type":"BreadcrumbList","@id":"https:\/\/adv-laetitia.de\/?page_id=764#breadcrumb","itemListElement":[{"@type":"ListItem","position":1,"name":"Startseite","item":"https:\/\/adv-laetitia.de\/"},{"@type":"ListItem","position":2,"name":"Der Vorstand"}]},{"@type":"WebSite","@id":"https:\/\/adv-laetitia.de\/#website","url":"https:\/\/adv-laetitia.de\/","name":"A.D.V. Laetitia","description":"Akademische Damenverbindung Laetitia zu Aachen","publisher":{"@id":"https:\/\/adv-laetitia.de\/#organization"},"potentialAction":[{"@type":"SearchAction","target":{"@type":"EntryPoint","urlTemplate":"https:\/\/adv-laetitia.de\/?s={search_term_string}"},"query-input":{"@type":"PropertyValueSpecification","valueRequired":true,"valueName":"search_term_string"}}],"inLanguage":"de"},{"@type":"Organization","@id":"https:\/\/adv-laetitia.de\/#organization","name":"A.D.V - Laetitia","url":"https:\/\/adv-laetitia.de\/","logo":{"@type":"ImageObject","inLanguage":"de","@id":"https:\/\/adv-laetitia.de\/#\/schema\/logo\/image\/","url":"https:\/\/adv-laetitia.de\/wp-content\/uploads\/Wappen_ADV_Laetitia.jpg","contentUrl":"https:\/\/adv-laetitia.de\/wp-content\/uploads\/Wappen_ADV_Laetitia.jpg","width":512,"height":512,"caption":"A.D.V - Laetitia"},"image":{"@id":"https:\/\/adv-laetitia.de\/#\/schema\/logo\/image\/"},"sameAs":["https:\/\/www.instagram.com\/advlaetitia\/"]}]}},"_links":{"self":[{"href":"https:\/\/adv-laetitia.de\/index.php?rest_route=\/wp\/v2\/pages\/764","targetHints":{"allow":["GET"]}}],"collection":[{"href":"https:\/\/adv-laetitia.de\/index.php?rest_route=\/wp\/v2\/pages"}],"about":[{"href":"https:\/\/adv-laetitia.de\/index.php?rest_route=\/wp\/v2\/types\/page"}],"author":[{"embeddable":true,"href":"https:\/\/adv-laetitia.de\/index.php?rest_route=\/wp\/v2\/users\/19"}],"replies":[{"embeddable":true,"href":"https:\/\/adv-laetitia.de\/index.php?rest_route=%2Fwp%2Fv2%2Fcomments&post=764"}],"version-history":[{"count":179,"href":"https:\/\/adv-laetitia.de\/index.php?rest_route=\/wp\/v2\/pages\/764\/revisions"}],"predecessor-version":[{"id":2408,"href":"https:\/\/adv-laetitia.de\/index.php?rest_route=\/wp\/v2\/pages\/764\/revisions\/2408"}],"wp:attachment":[{"href":"https:\/\/adv-laetitia.de\/index.php?rest_route=%2Fwp%2Fv2%2Fmedia&parent=764"}],"curies":[{"name":"wp","href":"https:\/\/api.w.org\/{rel}","templated":true}]}}