{"id":836,"date":"2019-09-25T13:09:33","date_gmt":"2019-09-25T13:09:33","guid":{"rendered":"https:\/\/www.adv-laetitia.de\/?page_id=836"},"modified":"2023-05-25T05:32:54","modified_gmt":"2023-05-25T05:32:54","slug":"die-aktivitas","status":"publish","type":"page","link":"https:\/\/adv-laetitia.de\/?page_id=836","title":{"rendered":"Die Aktivitas"},"content":{"rendered":"\r\n<div class=\"wp-block-image is-style-default\" style=\"text-align: left;\">\r\n<figure class=\"aligncenter size-full\">\r\n<p><img loading=\"lazy\" decoding=\"async\" class=\"wp-image-2145 size-full alignleft\" src=\"https:\/\/www.adv-laetitia.de\/wp-content\/uploads\/Homepagefoto-neu.jpeg\" alt=\"\" width=\"1600\" height=\"1063\" data-wp-editing=\"1\" srcset=\"https:\/\/adv-laetitia.de\/wp-content\/uploads\/Homepagefoto-neu.jpeg 1600w, https:\/\/adv-laetitia.de\/wp-content\/uploads\/Homepagefoto-neu-300x199.jpeg 300w, https:\/\/adv-laetitia.de\/wp-content\/uploads\/Homepagefoto-neu-1024x680.jpeg 1024w, https:\/\/adv-laetitia.de\/wp-content\/uploads\/Homepagefoto-neu-768x510.jpeg 768w, https:\/\/adv-laetitia.de\/wp-content\/uploads\/Homepagefoto-neu-1536x1020.jpeg 1536w, https:\/\/adv-laetitia.de\/wp-content\/uploads\/Homepagefoto-neu-226x150.jpeg 226w\" sizes=\"auto, (max-width: 1600px) 100vw, 1600px\" \/><\/p>\r\n<figcaption>\u00a0Teil der Laetitia im Sommersemester\u00a0 2023<\/figcaption>\r\n<\/figure>\r\n<\/div>\r\n\r\n\r\n\r\n<p>Die Aktivitas wird aus allen Mitgliedern gebildet, die sich noch mitten in ihrem Studium befinden. Unterschieden wird hierbei zwischen Damen (vollwertige Mitglieder) und F\u00fcxen (neue Mitglieder). Beendet man sein Studium, erh\u00e4lt man den Status der Hohen Dame und tritt dem <a href=\"https:\/\/www.adv-laetitia.de\/?page_id=96\">Hohe Damen-Verein<\/a> bei.<\/p>\r\n\r\n\r\n\r\n<p>Als Dame erh\u00e4lt man alle Rechte und Pflichten, sich in die Verbindung einzubringen und das Vereinsleben aktiv zu gestalten. Der <a href=\"https:\/\/www.adv-laetitia.de\/?page_id=610\">Fux <\/a>hingegen befindet sich noch in einer Art Probezeit, um das Verbindungsleben n\u00e4her kennenzulernen und sich durch die Fuxenstunden das n\u00f6tige Wissen anzueignen.<\/p>\r\n\r\n\r\n\r\n<p>Aus den Reihen der Aktivitas wird schlie\u00dflich auch <a href=\"https:\/\/www.adv-laetitia.de\/?page_id=764\">der Vorstand<\/a> gestellt und f\u00fcr jedes Semester neu gew\u00e4hlt. Diese 5 Chargen sind f\u00fcr alle Amtsgesch\u00e4fte zust\u00e4ndig und organisieren die Veranstaltungen.<\/p>\r\n","protected":false},"excerpt":{"rendered":"<p>Die Aktivitas wird aus allen Mitgliedern gebildet, die sich noch mitten in ihrem Studium befinden. Unterschieden wird hierbei zwischen Damen (vollwertige Mitglieder) und F\u00fcxen (neue Mitglieder). Beendet man sein Studium, erh\u00e4lt man den Status der Hohen Dame und tritt dem Hohe Damen-Verein bei. Als Dame erh\u00e4lt man alle Rechte und Pflichten, sich in die Verbindung einzubringen und das Vereinsleben aktiv zu gestalten. Der Fux hingegen befindet sich noch in einer Art Probezeit, um das Verbindungsleben n\u00e4her kennenzulernen und sich durch die Fuxenstunden das n\u00f6tige Wissen anzueignen. Aus den Reihen der Aktivitas wird schlie\u00dflich auch der Vorstand gestellt und f\u00fcr jedes Semester neu gew\u00e4hlt. Diese 5 Chargen sind f\u00fcr alle Amtsgesch\u00e4fte zust\u00e4ndig und organisieren die Veranstaltungen.<\/p>\n","protected":false},"author":19,"featured_media":0,"parent":0,"menu_order":0,"comment_status":"closed","ping_status":"closed","template":"","meta":{"footnotes":""},"class_list":["post-836","page","type-page","status-publish","hentry"],"yoast_head":"<!-- This site is optimized with the Yoast SEO plugin v27.5 - https:\/\/yoast.com\/product\/yoast-seo-wordpress\/ -->\n<title>Die Aktivitas - ADV Laetitia<\/title>\n<meta name=\"robots\" content=\"index, follow, max-snippet:-1, max-image-preview:large, max-video-preview:-1\" \/>\n<link rel=\"canonical\" href=\"https:\/\/adv-laetitia.de\/?page_id=836\" \/>\n<meta property=\"og:locale\" content=\"de_DE\" \/>\n<meta property=\"og:type\" content=\"article\" \/>\n<meta property=\"og:title\" content=\"Die Aktivitas - ADV Laetitia\" \/>\n<meta property=\"og:description\" content=\"Die Aktivitas wird aus allen Mitgliedern gebildet, die sich noch mitten in ihrem Studium befinden. Unterschieden wird hierbei zwischen Damen (vollwertige Mitglieder) und F\u00fcxen (neue Mitglieder). Beendet man sein Studium, erh\u00e4lt man den Status der Hohen Dame und tritt dem Hohe Damen-Verein bei. Als Dame erh\u00e4lt man alle Rechte und Pflichten, sich in die Verbindung einzubringen und das Vereinsleben aktiv zu gestalten. Der Fux hingegen befindet sich noch in einer Art Probezeit, um das Verbindungsleben n\u00e4her kennenzulernen und sich durch die Fuxenstunden das n\u00f6tige Wissen anzueignen. Aus den Reihen der Aktivitas wird schlie\u00dflich auch der Vorstand gestellt und f\u00fcr jedes Semester neu gew\u00e4hlt. Diese 5 Chargen sind f\u00fcr alle Amtsgesch\u00e4fte zust\u00e4ndig und organisieren die Veranstaltungen.\" \/>\n<meta property=\"og:url\" content=\"https:\/\/adv-laetitia.de\/?page_id=836\" \/>\n<meta property=\"og:site_name\" content=\"ADV Laetitia\" \/>\n<meta property=\"article:modified_time\" content=\"2023-05-25T05:32:54+00:00\" \/>\n<meta property=\"og:image\" content=\"https:\/\/adv-laetitia.de\/wp-content\/uploads\/Homepagefoto-neu.jpeg\" \/>\n\t<meta property=\"og:image:width\" content=\"1600\" \/>\n\t<meta property=\"og:image:height\" content=\"1063\" \/>\n\t<meta property=\"og:image:type\" content=\"image\/jpeg\" \/>\n<meta name=\"twitter:card\" content=\"summary_large_image\" \/>\n<meta name=\"twitter:label1\" content=\"Gesch\u00e4tzte Lesezeit\" \/>\n\t<meta name=\"twitter:data1\" content=\"1\u00a0Minute\" \/>\n<script type=\"application\/ld+json\" class=\"yoast-schema-graph\">{\"@context\":\"https:\\\/\\\/schema.org\",\"@graph\":[{\"@type\":\"WebPage\",\"@id\":\"https:\\\/\\\/adv-laetitia.de\\\/?page_id=836\",\"url\":\"https:\\\/\\\/adv-laetitia.de\\\/?page_id=836\",\"name\":\"Die Aktivitas - ADV Laetitia\",\"isPartOf\":{\"@id\":\"https:\\\/\\\/adv-laetitia.de\\\/#website\"},\"primaryImageOfPage\":{\"@id\":\"https:\\\/\\\/adv-laetitia.de\\\/?page_id=836#primaryimage\"},\"image\":{\"@id\":\"https:\\\/\\\/adv-laetitia.de\\\/?page_id=836#primaryimage\"},\"thumbnailUrl\":\"https:\\\/\\\/www.adv-laetitia.de\\\/wp-content\\\/uploads\\\/Homepagefoto-neu.jpeg\",\"datePublished\":\"2019-09-25T13:09:33+00:00\",\"dateModified\":\"2023-05-25T05:32:54+00:00\",\"breadcrumb\":{\"@id\":\"https:\\\/\\\/adv-laetitia.de\\\/?page_id=836#breadcrumb\"},\"inLanguage\":\"de\",\"potentialAction\":[{\"@type\":\"ReadAction\",\"target\":[\"https:\\\/\\\/adv-laetitia.de\\\/?page_id=836\"]}]},{\"@type\":\"ImageObject\",\"inLanguage\":\"de\",\"@id\":\"https:\\\/\\\/adv-laetitia.de\\\/?page_id=836#primaryimage\",\"url\":\"https:\\\/\\\/www.adv-laetitia.de\\\/wp-content\\\/uploads\\\/Homepagefoto-neu.jpeg\",\"contentUrl\":\"https:\\\/\\\/www.adv-laetitia.de\\\/wp-content\\\/uploads\\\/Homepagefoto-neu.jpeg\"},{\"@type\":\"BreadcrumbList\",\"@id\":\"https:\\\/\\\/adv-laetitia.de\\\/?page_id=836#breadcrumb\",\"itemListElement\":[{\"@type\":\"ListItem\",\"position\":1,\"name\":\"Startseite\",\"item\":\"https:\\\/\\\/adv-laetitia.de\\\/\"},{\"@type\":\"ListItem\",\"position\":2,\"name\":\"Die Aktivitas\"}]},{\"@type\":\"WebSite\",\"@id\":\"https:\\\/\\\/adv-laetitia.de\\\/#website\",\"url\":\"https:\\\/\\\/adv-laetitia.de\\\/\",\"name\":\"A.D.V. Laetitia\",\"description\":\"Akademische Damenverbindung Laetitia zu Aachen\",\"publisher\":{\"@id\":\"https:\\\/\\\/adv-laetitia.de\\\/#organization\"},\"potentialAction\":[{\"@type\":\"SearchAction\",\"target\":{\"@type\":\"EntryPoint\",\"urlTemplate\":\"https:\\\/\\\/adv-laetitia.de\\\/?s={search_term_string}\"},\"query-input\":{\"@type\":\"PropertyValueSpecification\",\"valueRequired\":true,\"valueName\":\"search_term_string\"}}],\"inLanguage\":\"de\"},{\"@type\":\"Organization\",\"@id\":\"https:\\\/\\\/adv-laetitia.de\\\/#organization\",\"name\":\"A.D.V - Laetitia\",\"url\":\"https:\\\/\\\/adv-laetitia.de\\\/\",\"logo\":{\"@type\":\"ImageObject\",\"inLanguage\":\"de\",\"@id\":\"https:\\\/\\\/adv-laetitia.de\\\/#\\\/schema\\\/logo\\\/image\\\/\",\"url\":\"https:\\\/\\\/adv-laetitia.de\\\/wp-content\\\/uploads\\\/Wappen_ADV_Laetitia.jpg\",\"contentUrl\":\"https:\\\/\\\/adv-laetitia.de\\\/wp-content\\\/uploads\\\/Wappen_ADV_Laetitia.jpg\",\"width\":512,\"height\":512,\"caption\":\"A.D.V - Laetitia\"},\"image\":{\"@id\":\"https:\\\/\\\/adv-laetitia.de\\\/#\\\/schema\\\/logo\\\/image\\\/\"},\"sameAs\":[\"https:\\\/\\\/www.instagram.com\\\/advlaetitia\\\/\"]}]}<\/script>\n<!-- \/ Yoast SEO plugin. -->","yoast_head_json":{"title":"Die Aktivitas - ADV Laetitia","robots":{"index":"index","follow":"follow","max-snippet":"max-snippet:-1","max-image-preview":"max-image-preview:large","max-video-preview":"max-video-preview:-1"},"canonical":"https:\/\/adv-laetitia.de\/?page_id=836","og_locale":"de_DE","og_type":"article","og_title":"Die Aktivitas - ADV Laetitia","og_description":"Die Aktivitas wird aus allen Mitgliedern gebildet, die sich noch mitten in ihrem Studium befinden. Unterschieden wird hierbei zwischen Damen (vollwertige Mitglieder) und F\u00fcxen (neue Mitglieder). Beendet man sein Studium, erh\u00e4lt man den Status der Hohen Dame und tritt dem Hohe Damen-Verein bei. Als Dame erh\u00e4lt man alle Rechte und Pflichten, sich in die Verbindung einzubringen und das Vereinsleben aktiv zu gestalten. Der Fux hingegen befindet sich noch in einer Art Probezeit, um das Verbindungsleben n\u00e4her kennenzulernen und sich durch die Fuxenstunden das n\u00f6tige Wissen anzueignen. Aus den Reihen der Aktivitas wird schlie\u00dflich auch der Vorstand gestellt und f\u00fcr jedes Semester neu gew\u00e4hlt. Diese 5 Chargen sind f\u00fcr alle Amtsgesch\u00e4fte zust\u00e4ndig und organisieren die Veranstaltungen.","og_url":"https:\/\/adv-laetitia.de\/?page_id=836","og_site_name":"ADV Laetitia","article_modified_time":"2023-05-25T05:32:54+00:00","og_image":[{"width":1600,"height":1063,"url":"https:\/\/adv-laetitia.de\/wp-content\/uploads\/Homepagefoto-neu.jpeg","type":"image\/jpeg"}],"twitter_card":"summary_large_image","twitter_misc":{"Gesch\u00e4tzte Lesezeit":"1\u00a0Minute"},"schema":{"@context":"https:\/\/schema.org","@graph":[{"@type":"WebPage","@id":"https:\/\/adv-laetitia.de\/?page_id=836","url":"https:\/\/adv-laetitia.de\/?page_id=836","name":"Die Aktivitas - ADV Laetitia","isPartOf":{"@id":"https:\/\/adv-laetitia.de\/#website"},"primaryImageOfPage":{"@id":"https:\/\/adv-laetitia.de\/?page_id=836#primaryimage"},"image":{"@id":"https:\/\/adv-laetitia.de\/?page_id=836#primaryimage"},"thumbnailUrl":"https:\/\/www.adv-laetitia.de\/wp-content\/uploads\/Homepagefoto-neu.jpeg","datePublished":"2019-09-25T13:09:33+00:00","dateModified":"2023-05-25T05:32:54+00:00","breadcrumb":{"@id":"https:\/\/adv-laetitia.de\/?page_id=836#breadcrumb"},"inLanguage":"de","potentialAction":[{"@type":"ReadAction","target":["https:\/\/adv-laetitia.de\/?page_id=836"]}]},{"@type":"ImageObject","inLanguage":"de","@id":"https:\/\/adv-laetitia.de\/?page_id=836#primaryimage","url":"https:\/\/www.adv-laetitia.de\/wp-content\/uploads\/Homepagefoto-neu.jpeg","contentUrl":"https:\/\/www.adv-laetitia.de\/wp-content\/uploads\/Homepagefoto-neu.jpeg"},{"@type":"BreadcrumbList","@id":"https:\/\/adv-laetitia.de\/?page_id=836#breadcrumb","itemListElement":[{"@type":"ListItem","position":1,"name":"Startseite","item":"https:\/\/adv-laetitia.de\/"},{"@type":"ListItem","position":2,"name":"Die Aktivitas"}]},{"@type":"WebSite","@id":"https:\/\/adv-laetitia.de\/#website","url":"https:\/\/adv-laetitia.de\/","name":"A.D.V. Laetitia","description":"Akademische Damenverbindung Laetitia zu Aachen","publisher":{"@id":"https:\/\/adv-laetitia.de\/#organization"},"potentialAction":[{"@type":"SearchAction","target":{"@type":"EntryPoint","urlTemplate":"https:\/\/adv-laetitia.de\/?s={search_term_string}"},"query-input":{"@type":"PropertyValueSpecification","valueRequired":true,"valueName":"search_term_string"}}],"inLanguage":"de"},{"@type":"Organization","@id":"https:\/\/adv-laetitia.de\/#organization","name":"A.D.V - Laetitia","url":"https:\/\/adv-laetitia.de\/","logo":{"@type":"ImageObject","inLanguage":"de","@id":"https:\/\/adv-laetitia.de\/#\/schema\/logo\/image\/","url":"https:\/\/adv-laetitia.de\/wp-content\/uploads\/Wappen_ADV_Laetitia.jpg","contentUrl":"https:\/\/adv-laetitia.de\/wp-content\/uploads\/Wappen_ADV_Laetitia.jpg","width":512,"height":512,"caption":"A.D.V - Laetitia"},"image":{"@id":"https:\/\/adv-laetitia.de\/#\/schema\/logo\/image\/"},"sameAs":["https:\/\/www.instagram.com\/advlaetitia\/"]}]}},"_links":{"self":[{"href":"https:\/\/adv-laetitia.de\/index.php?rest_route=\/wp\/v2\/pages\/836","targetHints":{"allow":["GET"]}}],"collection":[{"href":"https:\/\/adv-laetitia.de\/index.php?rest_route=\/wp\/v2\/pages"}],"about":[{"href":"https:\/\/adv-laetitia.de\/index.php?rest_route=\/wp\/v2\/types\/page"}],"author":[{"embeddable":true,"href":"https:\/\/adv-laetitia.de\/index.php?rest_route=\/wp\/v2\/users\/19"}],"replies":[{"embeddable":true,"href":"https:\/\/adv-laetitia.de\/index.php?rest_route=%2Fwp%2Fv2%2Fcomments&post=836"}],"version-history":[{"count":23,"href":"https:\/\/adv-laetitia.de\/index.php?rest_route=\/wp\/v2\/pages\/836\/revisions"}],"predecessor-version":[{"id":2149,"href":"https:\/\/adv-laetitia.de\/index.php?rest_route=\/wp\/v2\/pages\/836\/revisions\/2149"}],"wp:attachment":[{"href":"https:\/\/adv-laetitia.de\/index.php?rest_route=%2Fwp%2Fv2%2Fmedia&parent=836"}],"curies":[{"name":"wp","href":"https:\/\/api.w.org\/{rel}","templated":true}]}}