{"id":85,"date":"2018-08-08T18:55:15","date_gmt":"2018-08-08T18:55:15","guid":{"rendered":"https:\/\/adv-laetitia.de\/?page_id=85"},"modified":"2023-05-24T08:40:28","modified_gmt":"2023-05-24T08:40:28","slug":"verbindung","status":"publish","type":"page","link":"https:\/\/adv-laetitia.de\/?page_id=85","title":{"rendered":"Die Laetitia"},"content":{"rendered":"\r\n<div class=\"wp-block-image\">\r\n<figure class=\"alignleft is-resized\"><img loading=\"lazy\" decoding=\"async\" class=\"wp-image-569\" src=\"https:\/\/www.adv-laetitia.de\/wp-content\/uploads\/Wappen_ADV_Laetitia-2.jpg\" alt=\"\" width=\"169\" height=\"169\" \/><\/figure>\r\n<\/div>\r\n\r\n<p>Wir, die ADV Laetitia, sind eine akademische Damen-Verbindung, also eine Verbindung von Studentinnen. Das erste was Dir da einfallen mag sind wahrscheinlich amerikanische Teeniefilme \u00fcber partyw\u00fctige Kapa, Alpha, Delta Phis und so weiter. Ganz so ist es bei uns allerdings nicht! Wir sind eine Gemeinschaft, die gemeinsame Unternehmungen macht und Veranstaltungen organisiert. Nat\u00fcrlich wird auch gerne mal ordentlich gefeiert, aber keine Sorge, ganz so viel Eskalationspotential wie in den amerikanischen Versionen gibt es bei uns nicht. Die gegenseitige Unterst\u00fctzung im Studium und die Wahrung studentischer Traditionen sind uns ebenso wichtig wie der Spa\u00df im allt\u00e4glichen Studentenleben.<\/p>\r\n<p>Mitmachen kann bei uns jede Studentin \u2013 ganz egal was Du studiert oder wo Du herkommst. Wichtig ist nur, dass Du hinter unseren <strong>Prinzipen<\/strong> stehst. Das sind Eigenschaften, die uns besonders wichtig sind und die wir vertreten: Freundschaft, Wissenschaft, Toleranz &amp; Offenheit. Sie sind unser Leitfaden, der sich durch unser ganzes Semesterprogramm zieht und der uns verbindet.<\/p>\r\n<p>Die <strong>Freundschaft<\/strong> dient als Basis f\u00fcr Hilfsbereitschaft und gegenseitiges Vertrauen ohne die eine Gemeinschaft nicht existieren kann. So geloben wir auch bei jeder Recipierung und Promotion einander &#8222;eine gute Freundin und Bundesschwester zu sein&#8220;. Schlie\u00dflich bilden wir als Verbindung eine Lebensgemeinschaft, die weit \u00fcber oberfl\u00e4chliche Bekanntschaften hinausgeht. Durch das Lebensbundprinzip soll diese Freundschaft ein Leben lang aufrecht erhalten werden und auch \u00fcber Generationen hinweg verbinden.\u00a0<\/p>\r\n<p>Das Prinzip der <strong>Wissenschaft <\/strong>wird sowohl durch den Austausch zwischen den verschiedenen Fachrichtungen unter uns Bundesschwestern verwirklicht als auch durch den generationen\u00fcbergreifenden Erfahrungsaustausch. Als Gemeinschaft von Studentinnen und Absolventinnen steht f\u00fcr uns die Unters\u00fctzung im Studium an vorderster Stelle. Dennoch regen wir durch verschiedene Vortr\u00e4ge im Semesterprogramm auch dazu an, einen Blick \u00fcber den eigenen Studiengang hinaus zu werfen.\u00a0<\/p>\r\n<p><strong>Toleranz &amp; Offenheit <\/strong>gegen\u00fcber anderen Meinungen, Religionen und politischen \u00dcberzeugungen sowie der gegenseitige Respekt ist f\u00fcr unser Bundesleben und das gegenseitige Miteinander eines der wichtigsten Voraussetzungen. Vor allem die Offenheit gegen\u00fcber neuen Ideen und Anregungen erm\u00f6glicht uns die stetige Weiterentwicklung unserer noch recht jungen Verbindung. Die Achtung der Gemeinschaft und der Mitmenschen wollen wir auch durch unser Handeln verwirklichen. So besteht eine unserer Traditionen darin den Erl\u00f6s unseres j\u00e4hrlichen Bratapfelstammtisches einer Hilfsorganisation zu spenden.\u00a0<\/p>\r\n<p style=\"text-align: center;\"><img loading=\"lazy\" decoding=\"async\" class=\"aligncenter wp-image-2145 size-large\" src=\"https:\/\/www.adv-laetitia.de\/wp-content\/uploads\/Homepagefoto-neu-1024x680.jpeg\" alt=\"\" width=\"690\" height=\"458\" srcset=\"https:\/\/adv-laetitia.de\/wp-content\/uploads\/Homepagefoto-neu-1024x680.jpeg 1024w, https:\/\/adv-laetitia.de\/wp-content\/uploads\/Homepagefoto-neu-300x199.jpeg 300w, https:\/\/adv-laetitia.de\/wp-content\/uploads\/Homepagefoto-neu-768x510.jpeg 768w, https:\/\/adv-laetitia.de\/wp-content\/uploads\/Homepagefoto-neu-1536x1020.jpeg 1536w, https:\/\/adv-laetitia.de\/wp-content\/uploads\/Homepagefoto-neu-226x150.jpeg 226w, https:\/\/adv-laetitia.de\/wp-content\/uploads\/Homepagefoto-neu.jpeg 1600w\" sizes=\"auto, (max-width: 690px) 100vw, 690px\" \/>Teil der Laetitia im Sommersemester 2023<\/p>\r\n<p>Also, was machen wir eigentlich so? Unser Vorstand, den wir jedes Semester aufs Neue w\u00e4hlen, k\u00fcmmert sich um die Organisation und Umsetzung zahlreicher Veranstaltungen. Allerdings kann Jede seine W\u00fcnsche und Bedenken \u00e4u\u00dfern. Wirf doch gerne mal einen Blick auf unsere <a href=\"https:\/\/www.adv-laetitia.de\/?page_id=112\">Programmpunkte<\/a> oder mach Dir gleich ein eigenes Bild und komm vorbei! Gerne treffen wir uns auch nur mal so auf ein oder zehn Bierchen, besuchen andere Verbindungen, oder chillen beim gem\u00fctlichen Fernsehabend. Nat\u00fcrlich immer nur dann, wenn Du Lust und Zeit hast. Anwesenheitszwang gibt es bei uns nicht!<\/p>\r\n<p>Carpe Diem! Nutze den Tag! \u2013 Ist unser Wahlspruch. Spa\u00df in der Gemeinschaft zu erleben ist mindestens genauso wichtig, wie das Lernen und Arbeiten f\u00fcrs Studium. Zu Beidem wollen wir uns gegenseitig in unserer Gemeinschaft antreiben. Also wenn du Lust darauf hast, komm einfach mal zum Beschnuppern vorbei. Wir freuen uns \u00fcber jedes neue Gesicht!<\/p>","protected":false},"excerpt":{"rendered":"<p>Wir, die ADV Laetitia, sind eine akademische Damen-Verbindung, also eine Verbindung von Studentinnen. Das erste was Dir da einfallen mag sind wahrscheinlich amerikanische Teeniefilme \u00fcber partyw\u00fctige Kapa, Alpha, Delta Phis und so weiter. Ganz so ist es bei uns allerdings nicht! Wir sind eine Gemeinschaft, die gemeinsame Unternehmungen macht und Veranstaltungen organisiert. Nat\u00fcrlich wird auch gerne mal ordentlich gefeiert, aber keine Sorge, ganz so viel Eskalationspotential wie in den amerikanischen Versionen gibt es bei uns nicht. Die gegenseitige Unterst\u00fctzung im Studium und die Wahrung studentischer Traditionen sind uns ebenso wichtig wie der Spa\u00df im allt\u00e4glichen Studentenleben. Mitmachen kann bei uns jede Studentin \u2013 ganz egal was Du studiert oder wo Du herkommst. Wichtig ist nur, dass Du hinter unseren Prinzipen stehst. Das sind Eigenschaften, die uns besonders wichtig sind und die wir vertreten: Freundschaft, Wissenschaft, Toleranz &amp; Offenheit. Sie sind unser Leitfaden, der sich durch unser ganzes Semesterprogramm zieht und der uns verbindet. Die Freundschaft dient als Basis f\u00fcr Hilfsbereitschaft und gegenseitiges Vertrauen ohne die eine Gemeinschaft nicht existieren kann. So geloben wir auch bei jeder Recipierung und Promotion einander &#8222;eine gute Freundin und Bundesschwester zu sein&#8220;. Schlie\u00dflich bilden wir als Verbindung eine Lebensgemeinschaft, die weit \u00fcber oberfl\u00e4chliche Bekanntschaften hinausgeht. Durch das Lebensbundprinzip soll diese Freundschaft ein Leben lang aufrecht erhalten werden und auch \u00fcber Generationen hinweg verbinden.\u00a0 Das Prinzip der Wissenschaft wird sowohl durch den Austausch zwischen den verschiedenen Fachrichtungen unter uns Bundesschwestern verwirklicht als auch durch den generationen\u00fcbergreifenden Erfahrungsaustausch. Als Gemeinschaft von Studentinnen und Absolventinnen steht f\u00fcr uns die Unters\u00fctzung im Studium an vorderster Stelle. Dennoch regen wir durch verschiedene Vortr\u00e4ge im Semesterprogramm auch dazu an, einen Blick \u00fcber den eigenen Studiengang hinaus zu werfen.\u00a0 Toleranz &amp; Offenheit gegen\u00fcber anderen Meinungen, Religionen und politischen \u00dcberzeugungen sowie der gegenseitige Respekt ist f\u00fcr unser Bundesleben und das gegenseitige Miteinander eines der wichtigsten Voraussetzungen. Vor allem die Offenheit gegen\u00fcber neuen Ideen und Anregungen erm\u00f6glicht uns die stetige Weiterentwicklung unserer noch recht jungen Verbindung. Die Achtung der Gemeinschaft und der Mitmenschen wollen wir auch durch unser Handeln verwirklichen. So besteht eine unserer Traditionen darin den Erl\u00f6s unseres j\u00e4hrlichen Bratapfelstammtisches einer Hilfsorganisation zu spenden.\u00a0 Teil der Laetitia im Sommersemester 2023 Also, was machen wir eigentlich so? Unser Vorstand, den wir jedes Semester aufs Neue w\u00e4hlen, k\u00fcmmert sich um die Organisation und Umsetzung zahlreicher Veranstaltungen. Allerdings kann Jede seine W\u00fcnsche und Bedenken \u00e4u\u00dfern. Wirf doch gerne mal einen Blick auf unsere Programmpunkte oder mach Dir gleich ein eigenes Bild und komm vorbei! Gerne treffen wir uns auch nur mal so auf ein oder zehn Bierchen, besuchen andere Verbindungen, oder chillen beim gem\u00fctlichen Fernsehabend. Nat\u00fcrlich immer nur dann, wenn Du Lust und Zeit hast. Anwesenheitszwang gibt es bei uns nicht! Carpe Diem! Nutze den Tag! \u2013 Ist unser Wahlspruch. Spa\u00df in der Gemeinschaft zu erleben ist mindestens genauso wichtig, wie das Lernen und Arbeiten f\u00fcrs Studium. Zu Beidem wollen wir uns gegenseitig in unserer Gemeinschaft antreiben. Also wenn du Lust darauf hast, komm einfach mal zum Beschnuppern vorbei. Wir freuen uns \u00fcber jedes neue Gesicht!<\/p>\n","protected":false},"author":2,"featured_media":0,"parent":0,"menu_order":0,"comment_status":"closed","ping_status":"closed","template":"","meta":{"footnotes":""},"class_list":["post-85","page","type-page","status-publish","hentry"],"yoast_head":"<!-- This site is optimized with the Yoast SEO plugin v27.5 - https:\/\/yoast.com\/product\/yoast-seo-wordpress\/ -->\n<title>Die Laetitia - ADV Laetitia<\/title>\n<meta name=\"description\" content=\"Wir, die A.D.V Laetitia, sind eine akademische Damen-Verbindung, also eine Verbindung von Studentinnen. Wir sind eine Gemeinschaft, die gemeinsame...\" \/>\n<meta name=\"robots\" content=\"index, follow, max-snippet:-1, max-image-preview:large, max-video-preview:-1\" \/>\n<link rel=\"canonical\" href=\"https:\/\/adv-laetitia.de\/?page_id=85\" \/>\n<meta property=\"og:locale\" content=\"de_DE\" \/>\n<meta property=\"og:type\" content=\"article\" \/>\n<meta property=\"og:title\" content=\"Die Laetitia - ADV Laetitia\" \/>\n<meta property=\"og:description\" content=\"Wir, die A.D.V Laetitia, sind eine akademische Damen-Verbindung, also eine Verbindung von Studentinnen. Wir sind eine Gemeinschaft, die gemeinsame...\" \/>\n<meta property=\"og:url\" content=\"https:\/\/adv-laetitia.de\/?page_id=85\" \/>\n<meta property=\"og:site_name\" content=\"ADV Laetitia\" \/>\n<meta property=\"article:modified_time\" content=\"2023-05-24T08:40:28+00:00\" \/>\n<meta property=\"og:image\" content=\"https:\/\/adv-laetitia.de\/wp-content\/uploads\/Wappen_ADV_Laetitia-2.jpg\" \/>\n\t<meta property=\"og:image:width\" content=\"512\" \/>\n\t<meta property=\"og:image:height\" content=\"512\" \/>\n\t<meta property=\"og:image:type\" content=\"image\/jpeg\" \/>\n<meta name=\"twitter:card\" content=\"summary_large_image\" \/>\n<meta name=\"twitter:label1\" content=\"Gesch\u00e4tzte Lesezeit\" \/>\n\t<meta name=\"twitter:data1\" content=\"3\u00a0Minuten\" \/>\n<script type=\"application\/ld+json\" class=\"yoast-schema-graph\">{\"@context\":\"https:\\\/\\\/schema.org\",\"@graph\":[{\"@type\":\"WebPage\",\"@id\":\"https:\\\/\\\/adv-laetitia.de\\\/?page_id=85\",\"url\":\"https:\\\/\\\/adv-laetitia.de\\\/?page_id=85\",\"name\":\"Die Laetitia - ADV Laetitia\",\"isPartOf\":{\"@id\":\"https:\\\/\\\/adv-laetitia.de\\\/#website\"},\"primaryImageOfPage\":{\"@id\":\"https:\\\/\\\/adv-laetitia.de\\\/?page_id=85#primaryimage\"},\"image\":{\"@id\":\"https:\\\/\\\/adv-laetitia.de\\\/?page_id=85#primaryimage\"},\"thumbnailUrl\":\"https:\\\/\\\/www.adv-laetitia.de\\\/wp-content\\\/uploads\\\/Wappen_ADV_Laetitia-2.jpg\",\"datePublished\":\"2018-08-08T18:55:15+00:00\",\"dateModified\":\"2023-05-24T08:40:28+00:00\",\"description\":\"Wir, die A.D.V Laetitia, sind eine akademische Damen-Verbindung, also eine Verbindung von Studentinnen. Wir sind eine Gemeinschaft, die gemeinsame...\",\"breadcrumb\":{\"@id\":\"https:\\\/\\\/adv-laetitia.de\\\/?page_id=85#breadcrumb\"},\"inLanguage\":\"de\",\"potentialAction\":[{\"@type\":\"ReadAction\",\"target\":[\"https:\\\/\\\/adv-laetitia.de\\\/?page_id=85\"]}]},{\"@type\":\"ImageObject\",\"inLanguage\":\"de\",\"@id\":\"https:\\\/\\\/adv-laetitia.de\\\/?page_id=85#primaryimage\",\"url\":\"https:\\\/\\\/www.adv-laetitia.de\\\/wp-content\\\/uploads\\\/Wappen_ADV_Laetitia-2.jpg\",\"contentUrl\":\"https:\\\/\\\/www.adv-laetitia.de\\\/wp-content\\\/uploads\\\/Wappen_ADV_Laetitia-2.jpg\"},{\"@type\":\"BreadcrumbList\",\"@id\":\"https:\\\/\\\/adv-laetitia.de\\\/?page_id=85#breadcrumb\",\"itemListElement\":[{\"@type\":\"ListItem\",\"position\":1,\"name\":\"Startseite\",\"item\":\"https:\\\/\\\/adv-laetitia.de\\\/\"},{\"@type\":\"ListItem\",\"position\":2,\"name\":\"Die Laetitia\"}]},{\"@type\":\"WebSite\",\"@id\":\"https:\\\/\\\/adv-laetitia.de\\\/#website\",\"url\":\"https:\\\/\\\/adv-laetitia.de\\\/\",\"name\":\"A.D.V. Laetitia\",\"description\":\"Akademische Damenverbindung Laetitia zu Aachen\",\"publisher\":{\"@id\":\"https:\\\/\\\/adv-laetitia.de\\\/#organization\"},\"potentialAction\":[{\"@type\":\"SearchAction\",\"target\":{\"@type\":\"EntryPoint\",\"urlTemplate\":\"https:\\\/\\\/adv-laetitia.de\\\/?s={search_term_string}\"},\"query-input\":{\"@type\":\"PropertyValueSpecification\",\"valueRequired\":true,\"valueName\":\"search_term_string\"}}],\"inLanguage\":\"de\"},{\"@type\":\"Organization\",\"@id\":\"https:\\\/\\\/adv-laetitia.de\\\/#organization\",\"name\":\"A.D.V - Laetitia\",\"url\":\"https:\\\/\\\/adv-laetitia.de\\\/\",\"logo\":{\"@type\":\"ImageObject\",\"inLanguage\":\"de\",\"@id\":\"https:\\\/\\\/adv-laetitia.de\\\/#\\\/schema\\\/logo\\\/image\\\/\",\"url\":\"https:\\\/\\\/adv-laetitia.de\\\/wp-content\\\/uploads\\\/Wappen_ADV_Laetitia.jpg\",\"contentUrl\":\"https:\\\/\\\/adv-laetitia.de\\\/wp-content\\\/uploads\\\/Wappen_ADV_Laetitia.jpg\",\"width\":512,\"height\":512,\"caption\":\"A.D.V - Laetitia\"},\"image\":{\"@id\":\"https:\\\/\\\/adv-laetitia.de\\\/#\\\/schema\\\/logo\\\/image\\\/\"},\"sameAs\":[\"https:\\\/\\\/www.instagram.com\\\/advlaetitia\\\/\"]}]}<\/script>\n<!-- \/ Yoast SEO plugin. -->","yoast_head_json":{"title":"Die Laetitia - ADV Laetitia","description":"Wir, die A.D.V Laetitia, sind eine akademische Damen-Verbindung, also eine Verbindung von Studentinnen. Wir sind eine Gemeinschaft, die gemeinsame...","robots":{"index":"index","follow":"follow","max-snippet":"max-snippet:-1","max-image-preview":"max-image-preview:large","max-video-preview":"max-video-preview:-1"},"canonical":"https:\/\/adv-laetitia.de\/?page_id=85","og_locale":"de_DE","og_type":"article","og_title":"Die Laetitia - ADV Laetitia","og_description":"Wir, die A.D.V Laetitia, sind eine akademische Damen-Verbindung, also eine Verbindung von Studentinnen. Wir sind eine Gemeinschaft, die gemeinsame...","og_url":"https:\/\/adv-laetitia.de\/?page_id=85","og_site_name":"ADV Laetitia","article_modified_time":"2023-05-24T08:40:28+00:00","og_image":[{"width":512,"height":512,"url":"https:\/\/adv-laetitia.de\/wp-content\/uploads\/Wappen_ADV_Laetitia-2.jpg","type":"image\/jpeg"}],"twitter_card":"summary_large_image","twitter_misc":{"Gesch\u00e4tzte Lesezeit":"3\u00a0Minuten"},"schema":{"@context":"https:\/\/schema.org","@graph":[{"@type":"WebPage","@id":"https:\/\/adv-laetitia.de\/?page_id=85","url":"https:\/\/adv-laetitia.de\/?page_id=85","name":"Die Laetitia - ADV Laetitia","isPartOf":{"@id":"https:\/\/adv-laetitia.de\/#website"},"primaryImageOfPage":{"@id":"https:\/\/adv-laetitia.de\/?page_id=85#primaryimage"},"image":{"@id":"https:\/\/adv-laetitia.de\/?page_id=85#primaryimage"},"thumbnailUrl":"https:\/\/www.adv-laetitia.de\/wp-content\/uploads\/Wappen_ADV_Laetitia-2.jpg","datePublished":"2018-08-08T18:55:15+00:00","dateModified":"2023-05-24T08:40:28+00:00","description":"Wir, die A.D.V Laetitia, sind eine akademische Damen-Verbindung, also eine Verbindung von Studentinnen. Wir sind eine Gemeinschaft, die gemeinsame...","breadcrumb":{"@id":"https:\/\/adv-laetitia.de\/?page_id=85#breadcrumb"},"inLanguage":"de","potentialAction":[{"@type":"ReadAction","target":["https:\/\/adv-laetitia.de\/?page_id=85"]}]},{"@type":"ImageObject","inLanguage":"de","@id":"https:\/\/adv-laetitia.de\/?page_id=85#primaryimage","url":"https:\/\/www.adv-laetitia.de\/wp-content\/uploads\/Wappen_ADV_Laetitia-2.jpg","contentUrl":"https:\/\/www.adv-laetitia.de\/wp-content\/uploads\/Wappen_ADV_Laetitia-2.jpg"},{"@type":"BreadcrumbList","@id":"https:\/\/adv-laetitia.de\/?page_id=85#breadcrumb","itemListElement":[{"@type":"ListItem","position":1,"name":"Startseite","item":"https:\/\/adv-laetitia.de\/"},{"@type":"ListItem","position":2,"name":"Die Laetitia"}]},{"@type":"WebSite","@id":"https:\/\/adv-laetitia.de\/#website","url":"https:\/\/adv-laetitia.de\/","name":"A.D.V. Laetitia","description":"Akademische Damenverbindung Laetitia zu Aachen","publisher":{"@id":"https:\/\/adv-laetitia.de\/#organization"},"potentialAction":[{"@type":"SearchAction","target":{"@type":"EntryPoint","urlTemplate":"https:\/\/adv-laetitia.de\/?s={search_term_string}"},"query-input":{"@type":"PropertyValueSpecification","valueRequired":true,"valueName":"search_term_string"}}],"inLanguage":"de"},{"@type":"Organization","@id":"https:\/\/adv-laetitia.de\/#organization","name":"A.D.V - Laetitia","url":"https:\/\/adv-laetitia.de\/","logo":{"@type":"ImageObject","inLanguage":"de","@id":"https:\/\/adv-laetitia.de\/#\/schema\/logo\/image\/","url":"https:\/\/adv-laetitia.de\/wp-content\/uploads\/Wappen_ADV_Laetitia.jpg","contentUrl":"https:\/\/adv-laetitia.de\/wp-content\/uploads\/Wappen_ADV_Laetitia.jpg","width":512,"height":512,"caption":"A.D.V - Laetitia"},"image":{"@id":"https:\/\/adv-laetitia.de\/#\/schema\/logo\/image\/"},"sameAs":["https:\/\/www.instagram.com\/advlaetitia\/"]}]}},"_links":{"self":[{"href":"https:\/\/adv-laetitia.de\/index.php?rest_route=\/wp\/v2\/pages\/85","targetHints":{"allow":["GET"]}}],"collection":[{"href":"https:\/\/adv-laetitia.de\/index.php?rest_route=\/wp\/v2\/pages"}],"about":[{"href":"https:\/\/adv-laetitia.de\/index.php?rest_route=\/wp\/v2\/types\/page"}],"author":[{"embeddable":true,"href":"https:\/\/adv-laetitia.de\/index.php?rest_route=\/wp\/v2\/users\/2"}],"replies":[{"embeddable":true,"href":"https:\/\/adv-laetitia.de\/index.php?rest_route=%2Fwp%2Fv2%2Fcomments&post=85"}],"version-history":[{"count":16,"href":"https:\/\/adv-laetitia.de\/index.php?rest_route=\/wp\/v2\/pages\/85\/revisions"}],"predecessor-version":[{"id":2148,"href":"https:\/\/adv-laetitia.de\/index.php?rest_route=\/wp\/v2\/pages\/85\/revisions\/2148"}],"wp:attachment":[{"href":"https:\/\/adv-laetitia.de\/index.php?rest_route=%2Fwp%2Fv2%2Fmedia&parent=85"}],"curies":[{"name":"wp","href":"https:\/\/api.w.org\/{rel}","templated":true}]}}