{"id":92,"date":"2018-08-08T19:04:27","date_gmt":"2018-08-08T19:04:27","guid":{"rendered":"https:\/\/adv-laetitia.de\/?page_id=92"},"modified":"2022-08-04T14:53:05","modified_gmt":"2022-08-04T14:53:05","slug":"wir-ueber-uns","status":"publish","type":"page","link":"https:\/\/adv-laetitia.de\/?page_id=92","title":{"rendered":"Wir \u00fcber uns"},"content":{"rendered":"\r\n<div class=\"wp-block-image\">\r\n<figure class=\"alignleft is-resized\"><img loading=\"lazy\" decoding=\"async\" class=\"wp-image-540\" src=\"https:\/\/www.adv-laetitia.de\/wp-content\/uploads\/Wappen_ADV_Laetitia.jpg\" alt=\"\" width=\"122\" height=\"122\" \/><\/figure>\r\n<\/div>\r\n\r\n<p>Wir, die <strong>ADV Laetitia<\/strong>, sind eine junge Gemeinschaft von Studentinnen, die den studentischen Geist und die Traditionen pflegen. Spa\u00df in der Gemeinschaft ist uns ebenso wichtig, wie das Lernen und Arbeiten im Studium. So lautet unser Wahlspruch:\u00a0<\/p>\r\n<p style=\"text-align: center;\"><em>Carpe Diem!\u00a0 &#8211; Nutze den Tag!<\/em><\/p>\r\n<p>Wir verstehen uns als couleurstudentischer Zusammenschluss, der das Lebensbund- und Conventsprinzip wahrt.\u00a0<\/p>\r\n<p>Das <strong>Lebensbundprinzip<\/strong> steht hierbei f\u00fcr die Freundschaften und die Gemeinschaft, die sich nicht nur auf die Studienzeit beschr\u00e4nken soll. Nachdem man sein Studium und damit auch seine Aktivenzeit beendet hat, ist man als sog. Hohe Dame dennoch Teil der Verbindung. Es entsteht ein Erfahrungsaustausch durch die verschiedenen Generationen an Studenten und Absolventen, die bei unseren Veranstaltungen oder in unserem Verbindungsleben aufeinander treffen.<\/p>\r\n<p>Das <strong>Conventsprinzip<\/strong> hingegen wahrt das gleichberechtigte Miteinander und die Demokratie in einer Verbindung. Dabei ist wichtig, dass die Meinung jeder Bundesschwester absolut gleichwertig und relevant ist. Alle Entscheidungen werden gemeinsam auf dem Convent besprochen, sodass sich jede Bundesschwester einbringen kann und auch soll.<\/p>\r\n<p>Ein weiterer Leitfaden, der uns verbindet und den wir nach au\u00dfen vertreten, sind unsere <strong>Prinzipien<\/strong>:<\/p>\r\n<p style=\"text-align: center;\"><em>Freundschaft &#8211; Wissenschaft &#8211; Toleranz &amp; Offenheit<\/em><\/p>\r\n<p>Die <strong>Freundschaft<\/strong> dient als Basis f\u00fcr Hilfsbereitschaft und gegenseitiges Vertrauen ohne die eine Gemeinschaft nicht existieren kann. So geloben wir auch bei jeder Recipierung und Promotion einander &#8222;eine gute Freundin und Bundesschwester zu sein&#8220;. Schlie\u00dflich bilden wir als Verbindung eine Lebensgemeinschaft, die weit \u00fcber oberfl\u00e4chliche Bekanntschaften hinausgeht. Durch das <strong>Lebensbundprinzip<\/strong> soll diese Freundschaft ein Leben lang aufrecht erhalten werden und auch \u00fcber Generationen hinweg verbinden.\u00a0<\/p>\r\n<p class=\"font_8\">Das Prinzip der <strong>Wissenschaft <\/strong>wird sowohl durch den Austausch zwischen den verschiedenen Fachrichtungen unter uns Bundesschwestern verwirklicht als auch durch den generationen\u00fcbergreifenden Erfahrungsaustausch. Als Gemeinschaft von Studentinnen und Absolventinnen steht f\u00fcr uns die Unters\u00fctzung im Studium an vorderster Stelle. Dennoch regen wir durch verschiedene Vortr\u00e4ge im Semesterprogramm auch dazu an, einen Blick \u00fcber den eigenen Studiengang hinaus zu werfen.\u00a0<\/p>\r\n<p class=\"font_8\"><strong>Toleranz &amp; Offenheit <\/strong>gegen\u00fcber anderen Meinungen, Religionen und politischen \u00dcberzeugungen sowie der gegenseitige Respekt ist f\u00fcr unser Bundesleben und das gegenseitige Miteinander eines der wichtigsten Voraussetzungen. Vor allem die Offenheit gegen\u00fcber neuen Ideen und Anregungen erm\u00f6glicht uns die stetige Weiterentwicklung unserer noch recht jungen Verbindung. Die Achtung der Gemeinschaft und der Mitmenschen wollen wir auch durch unser Handeln verwirklichen. So besteht eine unserer Traditionen darin den Erl\u00f6s unseres j\u00e4hrlichen Bratapfelstammtisches einer Hilfsorganisation zu spenden.\u00a0<\/p>\r\n<p>Also, was machen wir eigentlich so? Unser Vorstand, den wir jedes Semester aufs Neue w\u00e4hlen, k\u00fcmmert sich um die Organisation und Umsetzung zahlreicher Veranstaltungen. Allerdings kann Jede seine W\u00fcnsche und Bedenken \u00e4u\u00dfern. Wirf doch gerne mal einen Blick auf unsere <a href=\"https:\/\/www.adv-laetitia.de\/?page_id=112\">Programmpunkte<\/a> oder mach Dir gleich ein eigenes Bild und komm vorbei! Gerne treffen wir uns auch nur mal so auf ein oder zehn Bierchen, auf einen gem\u00fctlichen Fernsehabend oder besuchen andere Verbindungen. Nat\u00fcrlich immer nur dann, wenn Du Lust und Zeit hast. Anwesenheitszwang gibt es bei uns nicht. Wir freuen uns \u00fcber jedes neue Gesicht!<\/p>\r\n\r\n<p>&nbsp;<\/p>\r\n","protected":false},"excerpt":{"rendered":"<p>Wir, die ADV Laetitia, sind eine junge Gemeinschaft von Studentinnen, die den studentischen Geist und die Traditionen pflegen. Spa\u00df in der Gemeinschaft ist uns ebenso wichtig, wie das Lernen und Arbeiten im Studium. So lautet unser Wahlspruch:\u00a0 Carpe Diem!\u00a0 &#8211; Nutze den Tag! Wir verstehen uns als couleurstudentischer Zusammenschluss, der das Lebensbund- und Conventsprinzip wahrt.\u00a0 Das Lebensbundprinzip steht hierbei f\u00fcr die Freundschaften und die Gemeinschaft, die sich nicht nur auf die Studienzeit beschr\u00e4nken soll. Nachdem man sein Studium und damit auch seine Aktivenzeit beendet hat, ist man als sog. Hohe Dame dennoch Teil der Verbindung. Es entsteht ein Erfahrungsaustausch durch die verschiedenen Generationen an Studenten und Absolventen, die bei unseren Veranstaltungen oder in unserem Verbindungsleben aufeinander treffen. Das Conventsprinzip hingegen wahrt das gleichberechtigte Miteinander und die Demokratie in einer Verbindung. Dabei ist wichtig, dass die Meinung jeder Bundesschwester absolut gleichwertig und relevant ist. Alle Entscheidungen werden gemeinsam auf dem Convent besprochen, sodass sich jede Bundesschwester einbringen kann und auch soll. Ein weiterer Leitfaden, der uns verbindet und den wir nach au\u00dfen vertreten, sind unsere Prinzipien: Freundschaft &#8211; Wissenschaft &#8211; Toleranz &amp; Offenheit Die Freundschaft dient als Basis f\u00fcr Hilfsbereitschaft und gegenseitiges Vertrauen ohne die eine Gemeinschaft nicht existieren kann. So geloben wir auch bei jeder Recipierung und Promotion einander &#8222;eine gute Freundin und Bundesschwester zu sein&#8220;. Schlie\u00dflich bilden wir als Verbindung eine Lebensgemeinschaft, die weit \u00fcber oberfl\u00e4chliche Bekanntschaften hinausgeht. Durch das Lebensbundprinzip soll diese Freundschaft ein Leben lang aufrecht erhalten werden und auch \u00fcber Generationen hinweg verbinden.\u00a0 Das Prinzip der Wissenschaft wird sowohl durch den Austausch zwischen den verschiedenen Fachrichtungen unter uns Bundesschwestern verwirklicht als auch durch den generationen\u00fcbergreifenden Erfahrungsaustausch. Als Gemeinschaft von Studentinnen und Absolventinnen steht f\u00fcr uns die Unters\u00fctzung im Studium an vorderster Stelle. Dennoch regen wir durch verschiedene Vortr\u00e4ge im Semesterprogramm auch dazu an, einen Blick \u00fcber den eigenen Studiengang hinaus zu werfen.\u00a0 Toleranz &amp; Offenheit gegen\u00fcber anderen Meinungen, Religionen und politischen \u00dcberzeugungen sowie der gegenseitige Respekt ist f\u00fcr unser Bundesleben und das gegenseitige Miteinander eines der wichtigsten Voraussetzungen. Vor allem die Offenheit gegen\u00fcber neuen Ideen und Anregungen erm\u00f6glicht uns die stetige Weiterentwicklung unserer noch recht jungen Verbindung. Die Achtung der Gemeinschaft und der Mitmenschen wollen wir auch durch unser Handeln verwirklichen. So besteht eine unserer Traditionen darin den Erl\u00f6s unseres j\u00e4hrlichen Bratapfelstammtisches einer Hilfsorganisation zu spenden.\u00a0 Also, was machen wir eigentlich so? Unser Vorstand, den wir jedes Semester aufs Neue w\u00e4hlen, k\u00fcmmert sich um die Organisation und Umsetzung zahlreicher Veranstaltungen. Allerdings kann Jede seine W\u00fcnsche und Bedenken \u00e4u\u00dfern. Wirf doch gerne mal einen Blick auf unsere Programmpunkte oder mach Dir gleich ein eigenes Bild und komm vorbei! Gerne treffen wir uns auch nur mal so auf ein oder zehn Bierchen, auf einen gem\u00fctlichen Fernsehabend oder besuchen andere Verbindungen. Nat\u00fcrlich immer nur dann, wenn Du Lust und Zeit hast. Anwesenheitszwang gibt es bei uns nicht. Wir freuen uns \u00fcber jedes neue Gesicht! &nbsp;<\/p>\n","protected":false},"author":2,"featured_media":0,"parent":0,"menu_order":0,"comment_status":"closed","ping_status":"closed","template":"","meta":{"footnotes":""},"class_list":["post-92","page","type-page","status-publish","hentry"],"yoast_head":"<!-- This site is optimized with the Yoast SEO plugin v27.5 - https:\/\/yoast.com\/product\/yoast-seo-wordpress\/ -->\n<title>Wir \u00fcber uns | Studentenverbindung - ADV Laetitia<\/title>\n<meta name=\"description\" content=\"Wir, die A.D.V Laetitia, sind eine akademische Damen-Verbindung, also eine Verbindung von Studentinnen. Wir sind eine Gemeinschaft, die gemeinsame...\" \/>\n<meta name=\"robots\" content=\"index, follow, max-snippet:-1, max-image-preview:large, max-video-preview:-1\" \/>\n<link rel=\"canonical\" href=\"https:\/\/adv-laetitia.de\/?page_id=92\" \/>\n<meta property=\"og:locale\" content=\"de_DE\" \/>\n<meta property=\"og:type\" content=\"article\" \/>\n<meta property=\"og:title\" content=\"Wir \u00fcber uns | Studentenverbindung - ADV Laetitia\" \/>\n<meta property=\"og:description\" content=\"Wir, die A.D.V Laetitia, sind eine akademische Damen-Verbindung, also eine Verbindung von Studentinnen. Wir sind eine Gemeinschaft, die gemeinsame...\" \/>\n<meta property=\"og:url\" content=\"https:\/\/adv-laetitia.de\/?page_id=92\" \/>\n<meta property=\"og:site_name\" content=\"ADV Laetitia\" \/>\n<meta property=\"article:modified_time\" content=\"2022-08-04T14:53:05+00:00\" \/>\n<meta property=\"og:image\" content=\"https:\/\/adv-laetitia.de\/wp-content\/uploads\/Wappen_ADV_Laetitia.jpg\" \/>\n\t<meta property=\"og:image:width\" content=\"512\" \/>\n\t<meta property=\"og:image:height\" content=\"512\" \/>\n\t<meta property=\"og:image:type\" content=\"image\/jpeg\" \/>\n<meta name=\"twitter:card\" content=\"summary_large_image\" \/>\n<meta name=\"twitter:label1\" content=\"Gesch\u00e4tzte Lesezeit\" \/>\n\t<meta name=\"twitter:data1\" content=\"2\u00a0Minuten\" \/>\n<script type=\"application\/ld+json\" class=\"yoast-schema-graph\">{\"@context\":\"https:\\\/\\\/schema.org\",\"@graph\":[{\"@type\":\"WebPage\",\"@id\":\"https:\\\/\\\/adv-laetitia.de\\\/?page_id=92\",\"url\":\"https:\\\/\\\/adv-laetitia.de\\\/?page_id=92\",\"name\":\"Wir \u00fcber uns | Studentenverbindung - ADV Laetitia\",\"isPartOf\":{\"@id\":\"https:\\\/\\\/adv-laetitia.de\\\/#website\"},\"primaryImageOfPage\":{\"@id\":\"https:\\\/\\\/adv-laetitia.de\\\/?page_id=92#primaryimage\"},\"image\":{\"@id\":\"https:\\\/\\\/adv-laetitia.de\\\/?page_id=92#primaryimage\"},\"thumbnailUrl\":\"https:\\\/\\\/www.adv-laetitia.de\\\/wp-content\\\/uploads\\\/Wappen_ADV_Laetitia.jpg\",\"datePublished\":\"2018-08-08T19:04:27+00:00\",\"dateModified\":\"2022-08-04T14:53:05+00:00\",\"description\":\"Wir, die A.D.V Laetitia, sind eine akademische Damen-Verbindung, also eine Verbindung von Studentinnen. Wir sind eine Gemeinschaft, die gemeinsame...\",\"breadcrumb\":{\"@id\":\"https:\\\/\\\/adv-laetitia.de\\\/?page_id=92#breadcrumb\"},\"inLanguage\":\"de\",\"potentialAction\":[{\"@type\":\"ReadAction\",\"target\":[\"https:\\\/\\\/adv-laetitia.de\\\/?page_id=92\"]}]},{\"@type\":\"ImageObject\",\"inLanguage\":\"de\",\"@id\":\"https:\\\/\\\/adv-laetitia.de\\\/?page_id=92#primaryimage\",\"url\":\"https:\\\/\\\/www.adv-laetitia.de\\\/wp-content\\\/uploads\\\/Wappen_ADV_Laetitia.jpg\",\"contentUrl\":\"https:\\\/\\\/www.adv-laetitia.de\\\/wp-content\\\/uploads\\\/Wappen_ADV_Laetitia.jpg\"},{\"@type\":\"BreadcrumbList\",\"@id\":\"https:\\\/\\\/adv-laetitia.de\\\/?page_id=92#breadcrumb\",\"itemListElement\":[{\"@type\":\"ListItem\",\"position\":1,\"name\":\"Startseite\",\"item\":\"https:\\\/\\\/adv-laetitia.de\\\/\"},{\"@type\":\"ListItem\",\"position\":2,\"name\":\"Wir \u00fcber uns\"}]},{\"@type\":\"WebSite\",\"@id\":\"https:\\\/\\\/adv-laetitia.de\\\/#website\",\"url\":\"https:\\\/\\\/adv-laetitia.de\\\/\",\"name\":\"A.D.V. Laetitia\",\"description\":\"Akademische Damenverbindung Laetitia zu Aachen\",\"publisher\":{\"@id\":\"https:\\\/\\\/adv-laetitia.de\\\/#organization\"},\"potentialAction\":[{\"@type\":\"SearchAction\",\"target\":{\"@type\":\"EntryPoint\",\"urlTemplate\":\"https:\\\/\\\/adv-laetitia.de\\\/?s={search_term_string}\"},\"query-input\":{\"@type\":\"PropertyValueSpecification\",\"valueRequired\":true,\"valueName\":\"search_term_string\"}}],\"inLanguage\":\"de\"},{\"@type\":\"Organization\",\"@id\":\"https:\\\/\\\/adv-laetitia.de\\\/#organization\",\"name\":\"A.D.V - Laetitia\",\"url\":\"https:\\\/\\\/adv-laetitia.de\\\/\",\"logo\":{\"@type\":\"ImageObject\",\"inLanguage\":\"de\",\"@id\":\"https:\\\/\\\/adv-laetitia.de\\\/#\\\/schema\\\/logo\\\/image\\\/\",\"url\":\"https:\\\/\\\/adv-laetitia.de\\\/wp-content\\\/uploads\\\/Wappen_ADV_Laetitia.jpg\",\"contentUrl\":\"https:\\\/\\\/adv-laetitia.de\\\/wp-content\\\/uploads\\\/Wappen_ADV_Laetitia.jpg\",\"width\":512,\"height\":512,\"caption\":\"A.D.V - Laetitia\"},\"image\":{\"@id\":\"https:\\\/\\\/adv-laetitia.de\\\/#\\\/schema\\\/logo\\\/image\\\/\"},\"sameAs\":[\"https:\\\/\\\/www.instagram.com\\\/advlaetitia\\\/\"]}]}<\/script>\n<!-- \/ Yoast SEO plugin. -->","yoast_head_json":{"title":"Wir \u00fcber uns | Studentenverbindung - ADV Laetitia","description":"Wir, die A.D.V Laetitia, sind eine akademische Damen-Verbindung, also eine Verbindung von Studentinnen. Wir sind eine Gemeinschaft, die gemeinsame...","robots":{"index":"index","follow":"follow","max-snippet":"max-snippet:-1","max-image-preview":"max-image-preview:large","max-video-preview":"max-video-preview:-1"},"canonical":"https:\/\/adv-laetitia.de\/?page_id=92","og_locale":"de_DE","og_type":"article","og_title":"Wir \u00fcber uns | Studentenverbindung - ADV Laetitia","og_description":"Wir, die A.D.V Laetitia, sind eine akademische Damen-Verbindung, also eine Verbindung von Studentinnen. Wir sind eine Gemeinschaft, die gemeinsame...","og_url":"https:\/\/adv-laetitia.de\/?page_id=92","og_site_name":"ADV Laetitia","article_modified_time":"2022-08-04T14:53:05+00:00","og_image":[{"width":512,"height":512,"url":"https:\/\/adv-laetitia.de\/wp-content\/uploads\/Wappen_ADV_Laetitia.jpg","type":"image\/jpeg"}],"twitter_card":"summary_large_image","twitter_misc":{"Gesch\u00e4tzte Lesezeit":"2\u00a0Minuten"},"schema":{"@context":"https:\/\/schema.org","@graph":[{"@type":"WebPage","@id":"https:\/\/adv-laetitia.de\/?page_id=92","url":"https:\/\/adv-laetitia.de\/?page_id=92","name":"Wir \u00fcber uns | Studentenverbindung - ADV Laetitia","isPartOf":{"@id":"https:\/\/adv-laetitia.de\/#website"},"primaryImageOfPage":{"@id":"https:\/\/adv-laetitia.de\/?page_id=92#primaryimage"},"image":{"@id":"https:\/\/adv-laetitia.de\/?page_id=92#primaryimage"},"thumbnailUrl":"https:\/\/www.adv-laetitia.de\/wp-content\/uploads\/Wappen_ADV_Laetitia.jpg","datePublished":"2018-08-08T19:04:27+00:00","dateModified":"2022-08-04T14:53:05+00:00","description":"Wir, die A.D.V Laetitia, sind eine akademische Damen-Verbindung, also eine Verbindung von Studentinnen. Wir sind eine Gemeinschaft, die gemeinsame...","breadcrumb":{"@id":"https:\/\/adv-laetitia.de\/?page_id=92#breadcrumb"},"inLanguage":"de","potentialAction":[{"@type":"ReadAction","target":["https:\/\/adv-laetitia.de\/?page_id=92"]}]},{"@type":"ImageObject","inLanguage":"de","@id":"https:\/\/adv-laetitia.de\/?page_id=92#primaryimage","url":"https:\/\/www.adv-laetitia.de\/wp-content\/uploads\/Wappen_ADV_Laetitia.jpg","contentUrl":"https:\/\/www.adv-laetitia.de\/wp-content\/uploads\/Wappen_ADV_Laetitia.jpg"},{"@type":"BreadcrumbList","@id":"https:\/\/adv-laetitia.de\/?page_id=92#breadcrumb","itemListElement":[{"@type":"ListItem","position":1,"name":"Startseite","item":"https:\/\/adv-laetitia.de\/"},{"@type":"ListItem","position":2,"name":"Wir \u00fcber uns"}]},{"@type":"WebSite","@id":"https:\/\/adv-laetitia.de\/#website","url":"https:\/\/adv-laetitia.de\/","name":"A.D.V. Laetitia","description":"Akademische Damenverbindung Laetitia zu Aachen","publisher":{"@id":"https:\/\/adv-laetitia.de\/#organization"},"potentialAction":[{"@type":"SearchAction","target":{"@type":"EntryPoint","urlTemplate":"https:\/\/adv-laetitia.de\/?s={search_term_string}"},"query-input":{"@type":"PropertyValueSpecification","valueRequired":true,"valueName":"search_term_string"}}],"inLanguage":"de"},{"@type":"Organization","@id":"https:\/\/adv-laetitia.de\/#organization","name":"A.D.V - Laetitia","url":"https:\/\/adv-laetitia.de\/","logo":{"@type":"ImageObject","inLanguage":"de","@id":"https:\/\/adv-laetitia.de\/#\/schema\/logo\/image\/","url":"https:\/\/adv-laetitia.de\/wp-content\/uploads\/Wappen_ADV_Laetitia.jpg","contentUrl":"https:\/\/adv-laetitia.de\/wp-content\/uploads\/Wappen_ADV_Laetitia.jpg","width":512,"height":512,"caption":"A.D.V - Laetitia"},"image":{"@id":"https:\/\/adv-laetitia.de\/#\/schema\/logo\/image\/"},"sameAs":["https:\/\/www.instagram.com\/advlaetitia\/"]}]}},"_links":{"self":[{"href":"https:\/\/adv-laetitia.de\/index.php?rest_route=\/wp\/v2\/pages\/92","targetHints":{"allow":["GET"]}}],"collection":[{"href":"https:\/\/adv-laetitia.de\/index.php?rest_route=\/wp\/v2\/pages"}],"about":[{"href":"https:\/\/adv-laetitia.de\/index.php?rest_route=\/wp\/v2\/types\/page"}],"author":[{"embeddable":true,"href":"https:\/\/adv-laetitia.de\/index.php?rest_route=\/wp\/v2\/users\/2"}],"replies":[{"embeddable":true,"href":"https:\/\/adv-laetitia.de\/index.php?rest_route=%2Fwp%2Fv2%2Fcomments&post=92"}],"version-history":[{"count":25,"href":"https:\/\/adv-laetitia.de\/index.php?rest_route=\/wp\/v2\/pages\/92\/revisions"}],"predecessor-version":[{"id":1868,"href":"https:\/\/adv-laetitia.de\/index.php?rest_route=\/wp\/v2\/pages\/92\/revisions\/1868"}],"wp:attachment":[{"href":"https:\/\/adv-laetitia.de\/index.php?rest_route=%2Fwp%2Fv2%2Fmedia&parent=92"}],"curies":[{"name":"wp","href":"https:\/\/api.w.org\/{rel}","templated":true}]}}