{"id":96,"date":"2018-08-08T19:08:23","date_gmt":"2018-08-08T19:08:23","guid":{"rendered":"https:\/\/adv-laetitia.de\/?page_id=96"},"modified":"2023-03-08T07:20:13","modified_gmt":"2023-03-08T07:20:13","slug":"hohe-damen-verein","status":"publish","type":"page","link":"https:\/\/adv-laetitia.de\/?page_id=96","title":{"rendered":"Hohe Damen-Verein"},"content":{"rendered":"<p>Willkommen auf der Seite der Hohen Damen der Laetitia. Wir sind alle Mitglieder der ADV Laetitia, haben aber unser Studium schon beendet und nennen uns nun Hohe Damen.<\/p>\n<p>Das was eine Verbindung ausmacht, ist das Lebensbundprinzip. Auch f\u00fcr uns ist dies eine wesentliche Eigenschaft unseres Vereinslebens.<\/p>\n<p>Hohe Dame zu sein, bedeutet zwar nicht mehr \u201eaktiv\u201c zu sein, doch das bedeutet auch, dass wir noch dabei sind und uns einbringen.<\/p>\n<p>Wir wissen, was es bedeutet, jedes Semester ein spannendes Programm auf die Beine zu stellen und die Laetitia mit Leben zu f\u00fcllen. So sehen wir es als unsere Aufgabe an, der Aktivitas mit Rat und Tat zur Seite zu stehen, damit ein tolles Semesterprogramm voller sch\u00f6ner Veranstaltungen entstehen kann. Zwar k\u00f6nnen wir nicht mehr an allen Veranstaltungen teilnehmen, aber wir freuen uns immer darauf, dabei zu sein und diese zu genie\u00dfen.<br \/>\nDabei schauen wir nicht nur tatenlos zu, sondern bringen uns vereinzelt aktiv in das laufende Semester ein. Zu nennen sind hier beispielsweise Abendessen f\u00fcr unsere j\u00fcngsten Mitglieder, die F\u00fcxe, sowie Vortr\u00e4ge oder Weinabende.<\/p>\n<p><img loading=\"lazy\" decoding=\"async\" class=\"aligncenter size-full wp-image-97\" src=\"https:\/\/adv-laetitia.de\/wp-content\/uploads\/2018\/08\/HDHD-Stammtisch.jpeg\" alt=\"\" width=\"1280\" height=\"503\" \/><\/p>\n<p>Regelm\u00e4\u00dfig, jeden ersten Donnerstag im Monat treffen wir uns au\u00dferdem um <strong>19.30 Uhr<\/strong> zum <strong>Stammtisch in Aachen<\/strong>.<br \/>\nDieser ist offen f\u00fcr alle unsere Freunde und die, die es werden wollen. <a href=\"mailto:hd-vorstand@adv-laetitia.de\">Bei Interesse melde Dich doch einfach bei uns, dem HD-Vorstand!<\/a><\/p>\n<p>Da nat\u00fcrlich nicht mehr alle von uns in Aachen wohnen, wir aber immer noch freundschaftlich verbunden sind und uns viel zu erz\u00e4hlen haben, gibt es j\u00e4hrliche <strong>Hohe-Damen-Treffen<\/strong>.<br \/>\nDiese Treffen finden an wechselnden Orten statt, am liebsten dort, wo es eine von uns hin verschlagen hat. Die Stimmung auf diesen Treffen ist gepr\u00e4gt von der Wiedersehensfreude, von der Vorfreude auf die gemeinsamen Unternehmungen und der \u00fcberschw\u00e4nglichen, kindlichen Freude die unser Nachwuchs so verspr\u00fcht. Denn selbstverst\u00e4ndlich sind diese Treffen nicht nur f\u00fcr die Hohen Damen gedacht, sondern auch f\u00fcr deren Familien.<\/p>\n<p>Uns eint eine gemeinsame Vergangenheit und bis heute das Gef\u00fchl in <strong>Aachen\u00a0<\/strong>eine <strong>Heimat\u00a0<\/strong>zu haben, zu der wir jederzeit nach Hause kommen k\u00f6nnen! Es ist immer wieder sch\u00f6n, \u00fcber alte Geschichten zu lachen. Und wenn die Geschichten auch noch so alt sein m\u00f6gen, wir, die Laetitia, sind jung geblieben!<\/p>\n<p>M\u00f6ge das noch lange so bleiben.<br \/>\nVivat, crescat, floreat laetitia ad multos annos!<\/p>\n","protected":false},"excerpt":{"rendered":"<p>Willkommen auf der Seite der Hohen Damen der Laetitia. Wir sind alle Mitglieder der ADV Laetitia, haben aber unser Studium schon beendet und nennen uns nun Hohe Damen. Das was eine Verbindung ausmacht, ist das Lebensbundprinzip. Auch f\u00fcr uns ist dies eine wesentliche Eigenschaft unseres Vereinslebens. Hohe Dame zu sein, bedeutet zwar nicht mehr \u201eaktiv\u201c zu sein, doch das bedeutet auch, dass wir noch dabei sind und uns einbringen. Wir wissen, was es bedeutet, jedes Semester ein spannendes Programm auf die Beine zu stellen und die Laetitia mit Leben zu f\u00fcllen. So sehen wir es als unsere Aufgabe an, der Aktivitas mit Rat und Tat zur Seite zu stehen, damit ein tolles Semesterprogramm voller sch\u00f6ner Veranstaltungen entstehen kann. Zwar k\u00f6nnen wir nicht mehr an allen Veranstaltungen teilnehmen, aber wir freuen uns immer darauf, dabei zu sein und diese zu genie\u00dfen. Dabei schauen wir nicht nur tatenlos zu, sondern bringen uns vereinzelt aktiv in das laufende Semester ein. Zu nennen sind hier beispielsweise Abendessen f\u00fcr unsere j\u00fcngsten Mitglieder, die F\u00fcxe, sowie Vortr\u00e4ge oder Weinabende. Regelm\u00e4\u00dfig, jeden ersten Donnerstag im Monat treffen wir uns au\u00dferdem um 19.30 Uhr zum Stammtisch in Aachen. Dieser ist offen f\u00fcr alle unsere Freunde und die, die es werden wollen. Bei Interesse melde Dich doch einfach bei uns, dem HD-Vorstand! Da nat\u00fcrlich nicht mehr alle von uns in Aachen wohnen, wir aber immer noch freundschaftlich verbunden sind und uns viel zu erz\u00e4hlen haben, gibt es j\u00e4hrliche Hohe-Damen-Treffen. Diese Treffen finden an wechselnden Orten statt, am liebsten dort, wo es eine von uns hin verschlagen hat. Die Stimmung auf diesen Treffen ist gepr\u00e4gt von der Wiedersehensfreude, von der Vorfreude auf die gemeinsamen Unternehmungen und der \u00fcberschw\u00e4nglichen, kindlichen Freude die unser Nachwuchs so verspr\u00fcht. Denn selbstverst\u00e4ndlich sind diese Treffen nicht nur f\u00fcr die Hohen Damen gedacht, sondern auch f\u00fcr deren Familien. Uns eint eine gemeinsame Vergangenheit und bis heute das Gef\u00fchl in Aachen\u00a0eine Heimat\u00a0zu haben, zu der wir jederzeit nach Hause kommen k\u00f6nnen! Es ist immer wieder sch\u00f6n, \u00fcber alte Geschichten zu lachen. Und wenn die Geschichten auch noch so alt sein m\u00f6gen, wir, die Laetitia, sind jung geblieben! M\u00f6ge das noch lange so bleiben. Vivat, crescat, floreat laetitia ad multos annos!<\/p>\n","protected":false},"author":2,"featured_media":0,"parent":0,"menu_order":0,"comment_status":"closed","ping_status":"closed","template":"","meta":{"footnotes":""},"class_list":["post-96","page","type-page","status-publish","hentry"],"yoast_head":"<!-- This site is optimized with the Yoast SEO plugin v27.5 - https:\/\/yoast.com\/product\/yoast-seo-wordpress\/ -->\n<title>Hohe Damen-Verein - ADV Laetitia<\/title>\n<meta name=\"description\" content=\"Wir sind alle Mitglieder der A.D.V. Laetitia, haben aber unser Studium schon beendet und nennen uns nun Hohe Damen. Hohe Dame zu sein, bedeutet zwar..\" \/>\n<meta name=\"robots\" content=\"index, follow, max-snippet:-1, max-image-preview:large, max-video-preview:-1\" \/>\n<link rel=\"canonical\" href=\"https:\/\/adv-laetitia.de\/?page_id=96\" \/>\n<meta property=\"og:locale\" content=\"de_DE\" \/>\n<meta property=\"og:type\" content=\"article\" \/>\n<meta property=\"og:title\" content=\"Hohe Damen-Verein - ADV Laetitia\" \/>\n<meta property=\"og:description\" content=\"Wir sind alle Mitglieder der A.D.V. Laetitia, haben aber unser Studium schon beendet und nennen uns nun Hohe Damen. Hohe Dame zu sein, bedeutet zwar..\" \/>\n<meta property=\"og:url\" content=\"https:\/\/adv-laetitia.de\/?page_id=96\" \/>\n<meta property=\"og:site_name\" content=\"ADV Laetitia\" \/>\n<meta property=\"article:modified_time\" content=\"2023-03-08T07:20:13+00:00\" \/>\n<meta property=\"og:image\" content=\"https:\/\/adv-laetitia.de\/wp-content\/uploads\/2018\/08\/HDHD-Stammtisch.jpeg\" \/>\n\t<meta property=\"og:image:width\" content=\"1280\" \/>\n\t<meta property=\"og:image:height\" content=\"503\" \/>\n\t<meta property=\"og:image:type\" content=\"image\/jpeg\" \/>\n<meta name=\"twitter:card\" content=\"summary_large_image\" \/>\n<meta name=\"twitter:label1\" content=\"Gesch\u00e4tzte Lesezeit\" \/>\n\t<meta name=\"twitter:data1\" content=\"2\u00a0Minuten\" \/>\n<script type=\"application\/ld+json\" class=\"yoast-schema-graph\">{\"@context\":\"https:\\\/\\\/schema.org\",\"@graph\":[{\"@type\":\"WebPage\",\"@id\":\"https:\\\/\\\/adv-laetitia.de\\\/?page_id=96\",\"url\":\"https:\\\/\\\/adv-laetitia.de\\\/?page_id=96\",\"name\":\"Hohe Damen-Verein - ADV Laetitia\",\"isPartOf\":{\"@id\":\"https:\\\/\\\/adv-laetitia.de\\\/#website\"},\"primaryImageOfPage\":{\"@id\":\"https:\\\/\\\/adv-laetitia.de\\\/?page_id=96#primaryimage\"},\"image\":{\"@id\":\"https:\\\/\\\/adv-laetitia.de\\\/?page_id=96#primaryimage\"},\"thumbnailUrl\":\"https:\\\/\\\/adv-laetitia.de\\\/wp-content\\\/uploads\\\/2018\\\/08\\\/HDHD-Stammtisch.jpeg\",\"datePublished\":\"2018-08-08T19:08:23+00:00\",\"dateModified\":\"2023-03-08T07:20:13+00:00\",\"description\":\"Wir sind alle Mitglieder der A.D.V. Laetitia, haben aber unser Studium schon beendet und nennen uns nun Hohe Damen. Hohe Dame zu sein, bedeutet zwar..\",\"breadcrumb\":{\"@id\":\"https:\\\/\\\/adv-laetitia.de\\\/?page_id=96#breadcrumb\"},\"inLanguage\":\"de\",\"potentialAction\":[{\"@type\":\"ReadAction\",\"target\":[\"https:\\\/\\\/adv-laetitia.de\\\/?page_id=96\"]}]},{\"@type\":\"ImageObject\",\"inLanguage\":\"de\",\"@id\":\"https:\\\/\\\/adv-laetitia.de\\\/?page_id=96#primaryimage\",\"url\":\"https:\\\/\\\/adv-laetitia.de\\\/wp-content\\\/uploads\\\/2018\\\/08\\\/HDHD-Stammtisch.jpeg\",\"contentUrl\":\"https:\\\/\\\/adv-laetitia.de\\\/wp-content\\\/uploads\\\/2018\\\/08\\\/HDHD-Stammtisch.jpeg\",\"width\":1280,\"height\":503},{\"@type\":\"BreadcrumbList\",\"@id\":\"https:\\\/\\\/adv-laetitia.de\\\/?page_id=96#breadcrumb\",\"itemListElement\":[{\"@type\":\"ListItem\",\"position\":1,\"name\":\"Startseite\",\"item\":\"https:\\\/\\\/adv-laetitia.de\\\/\"},{\"@type\":\"ListItem\",\"position\":2,\"name\":\"Hohe Damen-Verein\"}]},{\"@type\":\"WebSite\",\"@id\":\"https:\\\/\\\/adv-laetitia.de\\\/#website\",\"url\":\"https:\\\/\\\/adv-laetitia.de\\\/\",\"name\":\"A.D.V. Laetitia\",\"description\":\"Akademische Damenverbindung Laetitia zu Aachen\",\"publisher\":{\"@id\":\"https:\\\/\\\/adv-laetitia.de\\\/#organization\"},\"potentialAction\":[{\"@type\":\"SearchAction\",\"target\":{\"@type\":\"EntryPoint\",\"urlTemplate\":\"https:\\\/\\\/adv-laetitia.de\\\/?s={search_term_string}\"},\"query-input\":{\"@type\":\"PropertyValueSpecification\",\"valueRequired\":true,\"valueName\":\"search_term_string\"}}],\"inLanguage\":\"de\"},{\"@type\":\"Organization\",\"@id\":\"https:\\\/\\\/adv-laetitia.de\\\/#organization\",\"name\":\"A.D.V - Laetitia\",\"url\":\"https:\\\/\\\/adv-laetitia.de\\\/\",\"logo\":{\"@type\":\"ImageObject\",\"inLanguage\":\"de\",\"@id\":\"https:\\\/\\\/adv-laetitia.de\\\/#\\\/schema\\\/logo\\\/image\\\/\",\"url\":\"https:\\\/\\\/adv-laetitia.de\\\/wp-content\\\/uploads\\\/Wappen_ADV_Laetitia.jpg\",\"contentUrl\":\"https:\\\/\\\/adv-laetitia.de\\\/wp-content\\\/uploads\\\/Wappen_ADV_Laetitia.jpg\",\"width\":512,\"height\":512,\"caption\":\"A.D.V - Laetitia\"},\"image\":{\"@id\":\"https:\\\/\\\/adv-laetitia.de\\\/#\\\/schema\\\/logo\\\/image\\\/\"},\"sameAs\":[\"https:\\\/\\\/www.instagram.com\\\/advlaetitia\\\/\"]}]}<\/script>\n<!-- \/ Yoast SEO plugin. -->","yoast_head_json":{"title":"Hohe Damen-Verein - ADV Laetitia","description":"Wir sind alle Mitglieder der A.D.V. Laetitia, haben aber unser Studium schon beendet und nennen uns nun Hohe Damen. Hohe Dame zu sein, bedeutet zwar..","robots":{"index":"index","follow":"follow","max-snippet":"max-snippet:-1","max-image-preview":"max-image-preview:large","max-video-preview":"max-video-preview:-1"},"canonical":"https:\/\/adv-laetitia.de\/?page_id=96","og_locale":"de_DE","og_type":"article","og_title":"Hohe Damen-Verein - ADV Laetitia","og_description":"Wir sind alle Mitglieder der A.D.V. Laetitia, haben aber unser Studium schon beendet und nennen uns nun Hohe Damen. Hohe Dame zu sein, bedeutet zwar..","og_url":"https:\/\/adv-laetitia.de\/?page_id=96","og_site_name":"ADV Laetitia","article_modified_time":"2023-03-08T07:20:13+00:00","og_image":[{"width":1280,"height":503,"url":"https:\/\/adv-laetitia.de\/wp-content\/uploads\/2018\/08\/HDHD-Stammtisch.jpeg","type":"image\/jpeg"}],"twitter_card":"summary_large_image","twitter_misc":{"Gesch\u00e4tzte Lesezeit":"2\u00a0Minuten"},"schema":{"@context":"https:\/\/schema.org","@graph":[{"@type":"WebPage","@id":"https:\/\/adv-laetitia.de\/?page_id=96","url":"https:\/\/adv-laetitia.de\/?page_id=96","name":"Hohe Damen-Verein - ADV Laetitia","isPartOf":{"@id":"https:\/\/adv-laetitia.de\/#website"},"primaryImageOfPage":{"@id":"https:\/\/adv-laetitia.de\/?page_id=96#primaryimage"},"image":{"@id":"https:\/\/adv-laetitia.de\/?page_id=96#primaryimage"},"thumbnailUrl":"https:\/\/adv-laetitia.de\/wp-content\/uploads\/2018\/08\/HDHD-Stammtisch.jpeg","datePublished":"2018-08-08T19:08:23+00:00","dateModified":"2023-03-08T07:20:13+00:00","description":"Wir sind alle Mitglieder der A.D.V. Laetitia, haben aber unser Studium schon beendet und nennen uns nun Hohe Damen. Hohe Dame zu sein, bedeutet zwar..","breadcrumb":{"@id":"https:\/\/adv-laetitia.de\/?page_id=96#breadcrumb"},"inLanguage":"de","potentialAction":[{"@type":"ReadAction","target":["https:\/\/adv-laetitia.de\/?page_id=96"]}]},{"@type":"ImageObject","inLanguage":"de","@id":"https:\/\/adv-laetitia.de\/?page_id=96#primaryimage","url":"https:\/\/adv-laetitia.de\/wp-content\/uploads\/2018\/08\/HDHD-Stammtisch.jpeg","contentUrl":"https:\/\/adv-laetitia.de\/wp-content\/uploads\/2018\/08\/HDHD-Stammtisch.jpeg","width":1280,"height":503},{"@type":"BreadcrumbList","@id":"https:\/\/adv-laetitia.de\/?page_id=96#breadcrumb","itemListElement":[{"@type":"ListItem","position":1,"name":"Startseite","item":"https:\/\/adv-laetitia.de\/"},{"@type":"ListItem","position":2,"name":"Hohe Damen-Verein"}]},{"@type":"WebSite","@id":"https:\/\/adv-laetitia.de\/#website","url":"https:\/\/adv-laetitia.de\/","name":"A.D.V. Laetitia","description":"Akademische Damenverbindung Laetitia zu Aachen","publisher":{"@id":"https:\/\/adv-laetitia.de\/#organization"},"potentialAction":[{"@type":"SearchAction","target":{"@type":"EntryPoint","urlTemplate":"https:\/\/adv-laetitia.de\/?s={search_term_string}"},"query-input":{"@type":"PropertyValueSpecification","valueRequired":true,"valueName":"search_term_string"}}],"inLanguage":"de"},{"@type":"Organization","@id":"https:\/\/adv-laetitia.de\/#organization","name":"A.D.V - Laetitia","url":"https:\/\/adv-laetitia.de\/","logo":{"@type":"ImageObject","inLanguage":"de","@id":"https:\/\/adv-laetitia.de\/#\/schema\/logo\/image\/","url":"https:\/\/adv-laetitia.de\/wp-content\/uploads\/Wappen_ADV_Laetitia.jpg","contentUrl":"https:\/\/adv-laetitia.de\/wp-content\/uploads\/Wappen_ADV_Laetitia.jpg","width":512,"height":512,"caption":"A.D.V - Laetitia"},"image":{"@id":"https:\/\/adv-laetitia.de\/#\/schema\/logo\/image\/"},"sameAs":["https:\/\/www.instagram.com\/advlaetitia\/"]}]}},"_links":{"self":[{"href":"https:\/\/adv-laetitia.de\/index.php?rest_route=\/wp\/v2\/pages\/96","targetHints":{"allow":["GET"]}}],"collection":[{"href":"https:\/\/adv-laetitia.de\/index.php?rest_route=\/wp\/v2\/pages"}],"about":[{"href":"https:\/\/adv-laetitia.de\/index.php?rest_route=\/wp\/v2\/types\/page"}],"author":[{"embeddable":true,"href":"https:\/\/adv-laetitia.de\/index.php?rest_route=\/wp\/v2\/users\/2"}],"replies":[{"embeddable":true,"href":"https:\/\/adv-laetitia.de\/index.php?rest_route=%2Fwp%2Fv2%2Fcomments&post=96"}],"version-history":[{"count":4,"href":"https:\/\/adv-laetitia.de\/index.php?rest_route=\/wp\/v2\/pages\/96\/revisions"}],"predecessor-version":[{"id":2049,"href":"https:\/\/adv-laetitia.de\/index.php?rest_route=\/wp\/v2\/pages\/96\/revisions\/2049"}],"wp:attachment":[{"href":"https:\/\/adv-laetitia.de\/index.php?rest_route=%2Fwp%2Fv2%2Fmedia&parent=96"}],"curies":[{"name":"wp","href":"https:\/\/api.w.org\/{rel}","templated":true}]}}